{"id":2417,"date":"2022-01-31T10:04:52","date_gmt":"2022-01-31T10:04:52","guid":{"rendered":"https:\/\/cspregnancycenter.com\/opciones-de-embarazo\/crianza\/"},"modified":"2025-12-03T06:50:21","modified_gmt":"2025-12-03T06:50:21","slug":"crianza","status":"publish","type":"page","link":"https:\/\/cspregnancycenter.com\/es\/opciones-de-embarazo\/crianza\/","title":{"rendered":"Crianza"},"content":{"rendered":"&#13;\n<h2 class=\"wp-block-heading\">No planificado no significa imposible<\/h2>&#13;\n&#13;\n<p>La crianza puede resultar abrumadora, incluso para quienes planean quedarse embarazadas. Pero un embarazo <em>no planificado<\/em> puede ser incre\u00edblemente abrumador: la mente se llena de pensamientos sobre las responsabilidades f\u00edsicas, emocionales y financieras de tener un hijo. <\/p>&#13;\n&#13;\n<p>Aunque su embarazo no haya sido planificado, es tan capaz de criar con \u00e9xito a un hijo como alguien que s\u00ed plane\u00f3 ser padre\/madre. Quiz\u00e1s el factor m\u00e1s importante para el \u00e9xito es proporcionar a su hijo un s\u00f3lido sistema de apoyo que comience con usted. <\/p>&#13;\n&#13;\n<h2 class=\"wp-block-heading\">\u00bfC\u00f3mo saber si est\u00e1 preparado para ser padre\/madre?<\/h2>&#13;\n&#13;\n<p>Algunos factores adicionales a tener en cuenta al decidir si ser padre\/madre incluyen:<\/p>&#13;\n&#13;\n<ul class=\"wp-block-list\">&#13;\n<li>\u00bfQu\u00e9 tipo de sistema de apoyo tiene?<\/li>&#13;\n<li>\u00bfQu\u00e9 ajustes tendr\u00e1 que hacer con su trabajo o estudios?<\/li>&#13;\n<li>\u00bfQu\u00e9 apoyo adicional necesitar\u00e1 para criar a un hijo econ\u00f3micamente?<\/li>&#13;\n<\/ul>&#13;\n&#13;\n<p>El Centro de Embarazo de Colorado Springs puede ayudarle a resolver estas preguntas y a hablar de cualquier otra preocupaci\u00f3n que pueda tener. Tambi\u00e9n le proporcionaremos referencias a agencias locales para ayudarle con la vivienda, los gastos m\u00e9dicos y el asesoramiento. <\/p>&#13;\n&#13;\n<h2 class=\"wp-block-heading\">Hay ayuda disponible<\/h2>&#13;\n&#13;\n<p>Adem\u00e1s de los recursos comunitarios, el programa de crianza para padres nuevos o futuros le conecta con un asesor personal de crianza con el que se re\u00fane cada dos semanas hasta que su hijo cumple dos a\u00f1os.<\/p>&#13;\n&#13;\n<p>Los asesores de crianza le ayudan a desenvolverse en temas como:<\/p>&#13;\n&#13;\n<ul class=\"wp-block-list\">&#13;\n<li>Qu\u00e9 esperar durante el embarazo<\/li>&#13;\n<li>C\u00f3mo tener un embarazo saludable<\/li>&#13;\n<li>Parto<\/li>&#13;\n<li>Cuidado del reci\u00e9n nacido y del beb\u00e9<\/li>&#13;\n<li>Lactancia materna<\/li>&#13;\n<li>Desarrollo infantil<\/li>&#13;\n<li>Crianza eficaz<\/li>&#13;\n<li>Criar a un ni\u00f1o sano<\/li>&#13;\n<li>Adem\u00e1s de otros temas \u00fatiles (gesti\u00f3n de crisis, consejos para relaciones sanas y elaboraci\u00f3n de presupuestos b\u00e1sicos)<\/li>&#13;\n<\/ul>&#13;\n&#13;\n<p>Nuestro programa <em>Gane mientras aprende<\/em> es gratuito y est\u00e1 disponible tanto para hombres como para mujeres. Los hombres y mujeres que participan en este programa pueden ganar cunas, sillas de coche, pa\u00f1ales, ropa y otros art\u00edculos b\u00e1sicos para el beb\u00e9 gratuitos. <\/p>&#13;\n&#13;\n<p>El papel \u00fanico de los padres se aborda espec\u00edficamente a trav\u00e9s de nuestro departamento de <a href=\"https:\/\/cspregnancycenter.com\/es\/services\/para-hombres\/\" target=\"_blank\" rel=\"noreferrer noopener\" data-wpel-link=\"internal\">servicios para hombres<\/a>, donde el personal masculino y los asesores capacitados se re\u00fanen individualmente con los padres que participan. Las madres tienen la misma oportunidad de conectar con sus propios mentores personales.<\/p>&#13;\n&#13;\n<h2 class=\"wp-block-heading\">Hable con nosotros sobre la paternidad\/maternidad<\/h2>&#13;\n&#13;\n<p>La crianza puede ser desalentadora. Afortunadamente, hay ayuda disponible para usted si se ha quedado embarazada recientemente y decide criar a su hijo. El programa de crianza del Centro de Embarazo de Colorado Springs es un excelente recurso y puede ayudarle a convertirse en un padre\/madre equipado y capacitado.  <\/p>&#13;\n&#13;\n<p>Por favor, <a href=\"https:\/\/cspregnancycenter.com\/es\/contacte-con-nosotros\/\" target=\"_blank\" rel=\"noreferrer noopener\" data-type=\"URL\" data-id=\"https:\/\/cspregnancycenter.com\/contact-us\/\" data-wpel-link=\"internal\">programe una cita<\/a> hoy mismo para hablar de sus ideas sobre la crianza y sus otras opciones.<\/p>&#13;\n","protected":false},"excerpt":{"rendered":"<p>La crianza es gratificante y desafiante al mismo tiempo. Con la red de apoyo adecuada, es posible criar con \u00e9xito. Le sorprender\u00e1 la ayuda que tiene a su disposici\u00f3n. Examine m\u00e1s de cerca la paternidad\/maternidad.   <\/p>\n","protected":false},"author":1,"featured_media":0,"parent":2347,"menu_order":1,"comment_status":"closed","ping_status":"closed","template":"","meta":{"_acf_changed":false,"footnotes":""},"class_list":["post-2417","page","type-page","status-publish","hentry"],"acf":[],"yoast_head":"<!-- This site is optimized with the Yoast SEO plugin v27.3 - https:\/\/yoast.com\/product\/yoast-seo-wordpress\/ -->\n<title>Crianza | Colorado Springs Pregnancy Center | CO<\/title>\n<meta name=\"description\" content=\"Read about Crianza. Colorado Springs Pregnancy Center provides free services for pregnant women.\" \/>\n<meta name=\"robots\" content=\"index, follow, max-snippet:-1, max-image-preview:large, max-video-preview:-1\" \/>\n<link rel=\"canonical\" href=\"https:\/\/cspregnancycenter.com\/es\/opciones-de-embarazo\/crianza\/\" \/>\n<meta property=\"og:locale\" content=\"es_ES\" \/>\n<meta property=\"og:type\" content=\"article\" \/>\n<meta property=\"og:title\" content=\"Crianza | Colorado Springs Pregnancy Center | CO\" \/>\n<meta property=\"og:description\" content=\"Read about Crianza. Colorado Springs Pregnancy Center provides free services for pregnant women.\" \/>\n<meta property=\"og:url\" content=\"https:\/\/cspregnancycenter.com\/es\/opciones-de-embarazo\/crianza\/\" \/>\n<meta property=\"og:site_name\" content=\"Colorado Springs Pregnancy Center\" \/>\n<meta property=\"article:modified_time\" content=\"2025-12-03T06:50:21+00:00\" \/>\n<meta name=\"twitter:card\" content=\"summary_large_image\" \/>\n<meta name=\"twitter:label1\" content=\"Tiempo de lectura\" \/>\n\t<meta name=\"twitter:data1\" content=\"2 minutos\" \/>\n<!-- \/ Yoast SEO plugin. -->","yoast_head_json":{"title":"Crianza | Colorado Springs Pregnancy Center | CO","description":"Read about Crianza. Colorado Springs Pregnancy Center provides free services for pregnant women.","robots":{"index":"index","follow":"follow","max-snippet":"max-snippet:-1","max-image-preview":"max-image-preview:large","max-video-preview":"max-video-preview:-1"},"canonical":"https:\/\/cspregnancycenter.com\/es\/opciones-de-embarazo\/crianza\/","og_locale":"es_ES","og_type":"article","og_title":"Crianza | Colorado Springs Pregnancy Center | CO","og_description":"Read about Crianza. Colorado Springs Pregnancy Center provides free services for pregnant women.","og_url":"https:\/\/cspregnancycenter.com\/es\/opciones-de-embarazo\/crianza\/","og_site_name":"Colorado Springs Pregnancy Center","article_modified_time":"2025-12-03T06:50:21+00:00","twitter_card":"summary_large_image","twitter_misc":{"Tiempo de lectura":"2 minutos"},"schema":{"@context":"https:\/\/schema.org","@graph":[{"@type":"WebPage","@id":"https:\/\/cspregnancycenter.com\/es\/opciones-de-embarazo\/crianza\/","url":"https:\/\/cspregnancycenter.com\/es\/opciones-de-embarazo\/crianza\/","name":"Crianza | Colorado Springs Pregnancy Center | CO","isPartOf":{"@id":"https:\/\/cspregnancycenter.com\/es\/#website"},"datePublished":"2022-01-31T10:04:52+00:00","dateModified":"2025-12-03T06:50:21+00:00","description":"Read about Crianza. Colorado Springs Pregnancy Center provides free services for pregnant women.","breadcrumb":{"@id":"https:\/\/cspregnancycenter.com\/es\/opciones-de-embarazo\/crianza\/#breadcrumb"},"inLanguage":"es","potentialAction":[{"@type":"ReadAction","target":["https:\/\/cspregnancycenter.com\/es\/opciones-de-embarazo\/crianza\/"]}]},{"@type":"BreadcrumbList","@id":"https:\/\/cspregnancycenter.com\/es\/opciones-de-embarazo\/crianza\/#breadcrumb","itemListElement":[{"@type":"ListItem","position":1,"name":"Home","item":"https:\/\/cspregnancycenter.com\/es\/"},{"@type":"ListItem","position":2,"name":"Opciones de embarazo","item":"https:\/\/cspregnancycenter.com\/es\/opciones-de-embarazo\/"},{"@type":"ListItem","position":3,"name":"Crianza"}]},{"@type":"WebSite","@id":"https:\/\/cspregnancycenter.com\/es\/#website","url":"https:\/\/cspregnancycenter.com\/es\/","name":"Colorado Springs Pregnancy Center","description":"","publisher":{"@id":"https:\/\/cspregnancycenter.com\/es\/#organization"},"potentialAction":[{"@type":"SearchAction","target":{"@type":"EntryPoint","urlTemplate":"https:\/\/cspregnancycenter.com\/es\/?s={search_term_string}"},"query-input":{"@type":"PropertyValueSpecification","valueRequired":true,"valueName":"search_term_string"}}],"inLanguage":"es"},{"@type":"Organization","@id":"https:\/\/cspregnancycenter.com\/es\/#organization","name":"Centro de Embarazo de Colorado Springs","url":"https:\/\/cspregnancycenter.com\/es\/","logo":{"@type":"ImageObject","inLanguage":"es","@id":"https:\/\/cspregnancycenter.com\/es\/#\/schema\/logo\/image\/","url":"https:\/\/cspregnancycenter.com\/wp-content\/uploads\/2022\/04\/logo-1-1.png","contentUrl":"https:\/\/cspregnancycenter.com\/wp-content\/uploads\/2022\/04\/logo-1-1.png","width":434,"height":115,"caption":"Centro de Embarazo de Colorado Springs"},"image":{"@id":"https:\/\/cspregnancycenter.com\/es\/#\/schema\/logo\/image\/"}}]}},"_links":{"self":[{"href":"https:\/\/cspregnancycenter.com\/es\/wp-json\/wp\/v2\/pages\/2417","targetHints":{"allow":["GET"]}}],"collection":[{"href":"https:\/\/cspregnancycenter.com\/es\/wp-json\/wp\/v2\/pages"}],"about":[{"href":"https:\/\/cspregnancycenter.com\/es\/wp-json\/wp\/v2\/types\/page"}],"author":[{"embeddable":true,"href":"https:\/\/cspregnancycenter.com\/es\/wp-json\/wp\/v2\/users\/1"}],"replies":[{"embeddable":true,"href":"https:\/\/cspregnancycenter.com\/es\/wp-json\/wp\/v2\/comments?post=2417"}],"version-history":[{"count":0,"href":"https:\/\/cspregnancycenter.com\/es\/wp-json\/wp\/v2\/pages\/2417\/revisions"}],"up":[{"embeddable":true,"href":"https:\/\/cspregnancycenter.com\/es\/wp-json\/wp\/v2\/pages\/2347"}],"wp:attachment":[{"href":"https:\/\/cspregnancycenter.com\/es\/wp-json\/wp\/v2\/media?parent=2417"}],"curies":[{"name":"wp","href":"https:\/\/api.w.org\/{rel}","templated":true}]}}