{"id":2415,"date":"2022-01-31T10:05:06","date_gmt":"2022-01-31T10:05:06","guid":{"rendered":"https:\/\/cspregnancycenter.com\/opciones-de-embarazo\/aborto\/"},"modified":"2025-12-03T06:50:21","modified_gmt":"2025-12-03T06:50:21","slug":"aborto","status":"publish","type":"page","link":"https:\/\/cspregnancycenter.com\/es\/opciones-de-embarazo\/aborto\/","title":{"rendered":"Aborto"},"content":{"rendered":"&#13;\n<h2 class=\"wp-block-heading\" id=\"abortion-pill-side-effects\">\u00bfEst\u00e1 considerando abortar?<\/h2>&#13;\n&#13;\n<p>Antes de programar un aborto, necesita m\u00e1s informaci\u00f3n que solo una ecograf\u00eda puede proporcionar. Las ecograf\u00edas se utilizan para determinar la viabilidad frente al aborto espont\u00e1neo, la ubicaci\u00f3n del embarazo, la estimaci\u00f3n de cu\u00e1ntas semanas lleva de embarazo y la fecha de parto. <\/p>&#13;\n&#13;\n<p>Al igual que con cualquier decisi\u00f3n m\u00e9dica importante, querr\u00e1 reunir tantos datos como sea posible. Programe un <a href=\"https:\/\/cspregnancycenter.com\/es\/services\/examen-medico-antes-de-un-aborto\/\" data-wpel-link=\"internal\">examen<\/a> m\u00e9dico antes de su aborto en el Centro de Embarazo de Colorado Springs para obtener toda la informaci\u00f3n que necesita. <\/p>&#13;\n&#13;\n<h2 class=\"wp-block-heading\">Los diferentes tipos de aborto<\/h2>&#13;\n&#13;\n<p>Existen dos m\u00e9todos principales de aborto: el quir\u00fargico y el m\u00e9dico o procedimiento qu\u00edmico. El proveedor de abortos realiza un procedimiento quir\u00fargico en la cl\u00ednica, mientras que un procedimiento m\u00e9dico puede iniciarse en la cl\u00ednica y completarse en casa.  <\/p>&#13;\n&#13;\n<p>El m\u00e9todo que elija depende de lo avanzado que est\u00e9 su embarazo. Visite el Centro de Embarazo de Colorado Springs para una <a href=\"https:\/\/cspregnancycenter.com\/es\/services\/ecografias\/\" target=\"_blank\" rel=\"noreferrer noopener\" data-type=\"URL\" data-id=\"https:\/\/cspregnancycenter.com\/services\/ultrasounds\/\" data-wpel-link=\"internal\">ecograf\u00eda gratuita<\/a>. <\/p>&#13;\n&#13;\n<h2 class=\"wp-block-heading\">La p\u00edldora abortiva<\/h2>&#13;\n&#13;\n<p>El m\u00e9todo de la p\u00edldora abortiva es un procedimiento de aborto m\u00e9dico. La FDA afirma que no se puede utilizar el m\u00e9todo de la p\u00edldora abortiva despu\u00e9s de 70 d\u00edas desde el primer d\u00eda de su \u00faltimo per\u00edodo menstrual. <\/p>&#13;\n&#13;\n<p>Al igual que con cualquier procedimiento m\u00e9dico, la p\u00edldora abortiva conlleva riesgos. Debe asegurarse de haberse dado el tiempo adecuado para evaluar esos factores antes de tomar su decisi\u00f3n final. <\/p>&#13;\n&#13;\n<h3 class=\"wp-block-heading\" id=\"abortion-pill-risks\">Riesgos de la p\u00edldora abortiva<\/h3>&#13;\n&#13;\n<p>Seg\u00fan la <a href=\"https:\/\/www.mayoclinic.org\/tests-procedures\/medical-abortion\/about\/pac-20394687\" target=\"_blank\" rel=\"noreferrer noopener nofollow external\" data-type=\"URL\" data-id=\"https:\/\/www.mayoclinic.org\/tests-procedures\/medical-abortion\/about\/pac-20394687\" data-wpel-link=\"external\">Cl\u00ednica Mayo<\/a>, los siguientes son los efectos secundarios y los riesgos del aborto m\u00e9dico:<\/p>&#13;\n&#13;\n<ul class=\"wp-block-list\">&#13;\n<li>Aborto incompleto<\/li>&#13;\n<li>Sangrado abundante y prolongado<\/li>&#13;\n<li>Infecci\u00f3n<\/li>&#13;\n<li>Fiebre<\/li>&#13;\n<li>Malestar en el sistema digestivo<\/li>&#13;\n<li>N\u00e1useas con o sin v\u00f3mitos<\/li>&#13;\n<li>Escalofr\u00edos<\/li>&#13;\n<li>Dolor de cabeza<\/li>&#13;\n<\/ul>&#13;\n&#13;\n<h2 class=\"wp-block-heading\" id=\"surgical-abortion-side-effects\">Aborto quir\u00fargico<\/h2>&#13;\n&#13;\n<p>El aborto quir\u00fargico extrae el embarazo del \u00fatero a trav\u00e9s de la vagina. El procedimiento del proveedor de abortos suele utilizar succi\u00f3n (aspiraci\u00f3n por vac\u00edo) o diferentes instrumentos de raspado (D &amp; E) para extraer el embarazo. <\/p>&#13;\n&#13;\n<p>Una vez m\u00e1s, los procedimientos de aborto quir\u00fargico dependen de saber lo avanzado que est\u00e1 su embarazo.<\/p>&#13;\n&#13;\n<h3 class=\"wp-block-heading\">Riesgos del aborto quir\u00fargico<\/h3>&#13;\n&#13;\n<p>La <a href=\"https:\/\/www.mayoclinic.org\/tests-procedures\/dilation-and-curettage\/about\/pac-20384910\" target=\"_blank\" rel=\"noreferrer noopener nofollow external\" data-type=\"URL\" data-id=\"https:\/\/www.mayoclinic.org\/tests-procedures\/dilation-and-curettage\/about\/pac-20384910\" data-wpel-link=\"external\">Cl\u00ednica Mayo<\/a> enumera estos como riesgos del aborto quir\u00fargico:<\/p>&#13;\n&#13;\n<ul class=\"wp-block-list\">&#13;\n<li>Perforaci\u00f3n del \u00fatero<\/li>&#13;\n<li>Da\u00f1o al cuello uterino<\/li>&#13;\n<li>Tejido cicatricial en la pared uterina<\/li>&#13;\n<li>Infecci\u00f3n<\/li>&#13;\n<\/ul>&#13;\n&#13;\n<h2 class=\"wp-block-heading\">Examen m\u00e9dico antes de un aborto<\/h2>&#13;\n&#13;\n<p>Hay m\u00e1s que saber sobre su embarazo que un resultado positivo en una prueba de embarazo. Necesita un profesional m\u00e9dico con licencia que le ayude, alguien que pueda empoderarla con los hechos y la informaci\u00f3n para que pueda tomar una decisi\u00f3n segura. <\/p>&#13;\n&#13;\n<p>Entendemos que pueda sentirse ansiosa y abrumada cuando descubre un embarazo no planificado. Muchas mujeres recurren al aborto como el siguiente paso. Los Centros de Embarazo de Colorado Springs ofrecen citas gratuitas y confidenciales de ex\u00e1menes m\u00e9dicos para las mujeres que est\u00e1n considerando un aborto, han programado un aborto o han pedido p\u00edldoras abortivas por correo.  <\/p>&#13;\n&#13;\n<p>Confirme su embarazo con pruebas de embarazo de calidad de laboratorio y ecograf\u00edas gratuitas. Es esencial verificar si su embarazo es viable (en crecimiento) o si ha tenido un aborto espont\u00e1neo. Obtenga m\u00e1s informaci\u00f3n sobre nuestro proceso de <a href=\"https:\/\/cspregnancycenter.com\/services\/pre-abortion-screening\/\" target=\"_blank\" rel=\"noreferrer noopener nofollow external\" data-wpel-link=\"external\">examen<\/a> gratuito.  <\/p>&#13;\n&#13;\n<p>No realizamos ni derivamos para abortos, pero nuestro personal y voluntarios siempre est\u00e1n disponibles para hablar con usted sobre todas sus opciones. \u00bfC\u00f3mo podemos ayudarla? <\/p>&#13;\n","protected":false},"excerpt":{"rendered":"<p>El aborto es una decisi\u00f3n que cambia la vida. Puede tener graves efectos secundarios f\u00edsicos y psicol\u00f3gicos. Aseg\u00farese de comprender los diferentes procedimientos y c\u00f3mo podr\u00eda afectar cada uno a su cuerpo y a sus emociones.   <\/p>\n","protected":false},"author":1,"featured_media":0,"parent":2347,"menu_order":0,"comment_status":"closed","ping_status":"closed","template":"","meta":{"_acf_changed":false,"footnotes":""},"class_list":["post-2415","page","type-page","status-publish","hentry"],"acf":[],"yoast_head":"<!-- This site is optimized with the Yoast SEO plugin v27.3 - https:\/\/yoast.com\/product\/yoast-seo-wordpress\/ -->\n<title>Aborto en Colorado Springs | Colorado Springs Pregnancy Center | CO<\/title>\n<meta name=\"description\" content=\"Read about Aborto. Colorado Springs Pregnancy Center provides free services for pregnant women.\" \/>\n<meta name=\"robots\" content=\"index, follow, max-snippet:-1, max-image-preview:large, max-video-preview:-1\" \/>\n<link rel=\"canonical\" href=\"https:\/\/cspregnancycenter.com\/es\/opciones-de-embarazo\/aborto\/\" \/>\n<meta property=\"og:locale\" content=\"es_ES\" \/>\n<meta property=\"og:type\" content=\"article\" \/>\n<meta property=\"og:title\" content=\"Aborto en Colorado Springs | Colorado Springs Pregnancy Center | CO\" \/>\n<meta property=\"og:description\" content=\"Read about Aborto. Colorado Springs Pregnancy Center provides free services for pregnant women.\" \/>\n<meta property=\"og:url\" content=\"https:\/\/cspregnancycenter.com\/es\/opciones-de-embarazo\/aborto\/\" \/>\n<meta property=\"og:site_name\" content=\"Colorado Springs Pregnancy Center\" \/>\n<meta property=\"article:modified_time\" content=\"2025-12-03T06:50:21+00:00\" \/>\n<meta name=\"twitter:card\" content=\"summary_large_image\" \/>\n<meta name=\"twitter:label1\" content=\"Tiempo de lectura\" \/>\n\t<meta name=\"twitter:data1\" content=\"3 minutos\" \/>\n<!-- \/ Yoast SEO plugin. -->","yoast_head_json":{"title":"Aborto en Colorado Springs | Colorado Springs Pregnancy Center | CO","description":"Read about Aborto. Colorado Springs Pregnancy Center provides free services for pregnant women.","robots":{"index":"index","follow":"follow","max-snippet":"max-snippet:-1","max-image-preview":"max-image-preview:large","max-video-preview":"max-video-preview:-1"},"canonical":"https:\/\/cspregnancycenter.com\/es\/opciones-de-embarazo\/aborto\/","og_locale":"es_ES","og_type":"article","og_title":"Aborto en Colorado Springs | Colorado Springs Pregnancy Center | CO","og_description":"Read about Aborto. Colorado Springs Pregnancy Center provides free services for pregnant women.","og_url":"https:\/\/cspregnancycenter.com\/es\/opciones-de-embarazo\/aborto\/","og_site_name":"Colorado Springs Pregnancy Center","article_modified_time":"2025-12-03T06:50:21+00:00","twitter_card":"summary_large_image","twitter_misc":{"Tiempo de lectura":"3 minutos"},"schema":{"@context":"https:\/\/schema.org","@graph":[{"@type":"WebPage","@id":"https:\/\/cspregnancycenter.com\/es\/opciones-de-embarazo\/aborto\/","url":"https:\/\/cspregnancycenter.com\/es\/opciones-de-embarazo\/aborto\/","name":"Aborto en Colorado Springs | Colorado Springs Pregnancy Center | CO","isPartOf":{"@id":"https:\/\/cspregnancycenter.com\/es\/#website"},"datePublished":"2022-01-31T10:05:06+00:00","dateModified":"2025-12-03T06:50:21+00:00","description":"Read about Aborto. Colorado Springs Pregnancy Center provides free services for pregnant women.","breadcrumb":{"@id":"https:\/\/cspregnancycenter.com\/es\/opciones-de-embarazo\/aborto\/#breadcrumb"},"inLanguage":"es","potentialAction":[{"@type":"ReadAction","target":["https:\/\/cspregnancycenter.com\/es\/opciones-de-embarazo\/aborto\/"]}]},{"@type":"BreadcrumbList","@id":"https:\/\/cspregnancycenter.com\/es\/opciones-de-embarazo\/aborto\/#breadcrumb","itemListElement":[{"@type":"ListItem","position":1,"name":"Home","item":"https:\/\/cspregnancycenter.com\/es\/"},{"@type":"ListItem","position":2,"name":"Opciones de embarazo","item":"https:\/\/cspregnancycenter.com\/es\/opciones-de-embarazo\/"},{"@type":"ListItem","position":3,"name":"Aborto"}]},{"@type":"WebSite","@id":"https:\/\/cspregnancycenter.com\/es\/#website","url":"https:\/\/cspregnancycenter.com\/es\/","name":"Colorado Springs Pregnancy Center","description":"","publisher":{"@id":"https:\/\/cspregnancycenter.com\/es\/#organization"},"potentialAction":[{"@type":"SearchAction","target":{"@type":"EntryPoint","urlTemplate":"https:\/\/cspregnancycenter.com\/es\/?s={search_term_string}"},"query-input":{"@type":"PropertyValueSpecification","valueRequired":true,"valueName":"search_term_string"}}],"inLanguage":"es"},{"@type":"Organization","@id":"https:\/\/cspregnancycenter.com\/es\/#organization","name":"Centro de Embarazo de Colorado Springs","url":"https:\/\/cspregnancycenter.com\/es\/","logo":{"@type":"ImageObject","inLanguage":"es","@id":"https:\/\/cspregnancycenter.com\/es\/#\/schema\/logo\/image\/","url":"https:\/\/cspregnancycenter.com\/wp-content\/uploads\/2022\/04\/logo-1-1.png","contentUrl":"https:\/\/cspregnancycenter.com\/wp-content\/uploads\/2022\/04\/logo-1-1.png","width":434,"height":115,"caption":"Centro de Embarazo de Colorado Springs"},"image":{"@id":"https:\/\/cspregnancycenter.com\/es\/#\/schema\/logo\/image\/"}}]}},"_links":{"self":[{"href":"https:\/\/cspregnancycenter.com\/es\/wp-json\/wp\/v2\/pages\/2415","targetHints":{"allow":["GET"]}}],"collection":[{"href":"https:\/\/cspregnancycenter.com\/es\/wp-json\/wp\/v2\/pages"}],"about":[{"href":"https:\/\/cspregnancycenter.com\/es\/wp-json\/wp\/v2\/types\/page"}],"author":[{"embeddable":true,"href":"https:\/\/cspregnancycenter.com\/es\/wp-json\/wp\/v2\/users\/1"}],"replies":[{"embeddable":true,"href":"https:\/\/cspregnancycenter.com\/es\/wp-json\/wp\/v2\/comments?post=2415"}],"version-history":[{"count":0,"href":"https:\/\/cspregnancycenter.com\/es\/wp-json\/wp\/v2\/pages\/2415\/revisions"}],"up":[{"embeddable":true,"href":"https:\/\/cspregnancycenter.com\/es\/wp-json\/wp\/v2\/pages\/2347"}],"wp:attachment":[{"href":"https:\/\/cspregnancycenter.com\/es\/wp-json\/wp\/v2\/media?parent=2415"}],"curies":[{"name":"wp","href":"https:\/\/api.w.org\/{rel}","templated":true}]}}