{"id":2413,"date":"2022-04-01T10:12:07","date_gmt":"2022-04-01T10:12:07","guid":{"rendered":"https:\/\/cspregnancycenter.com\/opciones-de-embarazo\/adopcion\/"},"modified":"2025-12-03T06:50:40","modified_gmt":"2025-12-03T06:50:40","slug":"adopcion","status":"publish","type":"page","link":"https:\/\/cspregnancycenter.com\/es\/opciones-de-embarazo\/adopcion\/","title":{"rendered":"Adopci\u00f3n"},"content":{"rendered":"&#13;\n<h2 class=\"wp-block-heading\">\u00bfEst\u00e1 considerando la adopci\u00f3n?<\/h2>&#13;\n&#13;\n<p>Si bien la adopci\u00f3n es una decisi\u00f3n innegablemente dif\u00edcil, muchas personas que eligen hacer un plan de adopci\u00f3n pueden proporcionar a su hijo una vida familiar s\u00f3lida que quiz\u00e1s no haya existido antes. Dependiendo de su plan, tambi\u00e9n puede construir una relaci\u00f3n con su hijo. Una madre biol\u00f3gica es una parte preciosa de la historia de su vida.  <\/p>&#13;\n&#13;\n<h2 class=\"wp-block-heading\">Dos planes de adopci\u00f3n<\/h2>&#13;\n&#13;\n<p>Si siente que no est\u00e1 preparada para la paternidad, la adopci\u00f3n es una opci\u00f3n que puede brindarle tranquilidad. Como madre biol\u00f3gica, usted crea el plan adecuado para usted y su hijo. <\/p>&#13;\n&#13;\n<h3 class=\"wp-block-heading\">Adopci\u00f3n abierta<\/h3>&#13;\n&#13;\n<p>La adopci\u00f3n abierta permite el contacto regular con su hijo. Usted intercambia informaci\u00f3n de identificaci\u00f3n con la pareja adoptiva que ha elegido. Le permite comunicarse entre s\u00ed a trav\u00e9s de mensajes de texto, llamadas telef\u00f3nicas, correos electr\u00f3nicos o posiblemente visitas personales.  <\/p>&#13;\n&#13;\n<h3 class=\"wp-block-heading\">Adopci\u00f3n semiabierta<\/h3>&#13;\n&#13;\n<p>Hacer un plan de adopci\u00f3n semiabierta le permite comunicarse con la pareja adoptiva sin dejar de ser privada. Todos los correos electr\u00f3nicos, cartas y tarjetas se env\u00edan primero a su especialista en adopci\u00f3n, quien los reenv\u00eda a la pareja adoptiva. <\/p>&#13;\n&#13;\n<h2 class=\"wp-block-heading\">Un regalo para la familia que elija<\/h2>&#13;\n&#13;\n<p>Si hace un plan de adopci\u00f3n para su hijo, considere inscribirse en nuestro programa <em>Gane mientras aprende<\/em>. Puede proporcionar a la posible pareja adoptiva regalos de pa\u00f1ales, toallitas y ropa como parte de su plan. <\/p>&#13;\n&#13;\n<h2 class=\"wp-block-heading\">\u00bfEs la adopci\u00f3n adecuada para usted?<\/h2>&#13;\n&#13;\n<p>Su primer paso es encontrar la agencia de adopci\u00f3n o el especialista adecuado para usted. Muchas mujeres (y hombres) de todos los \u00e1mbitos de la vida han tomado esta decisi\u00f3n antes que usted. <\/p>&#13;\n&#13;\n<h2 class=\"wp-block-heading\">Hable con nosotros<\/h2>&#13;\n&#13;\n<p>Solo usted sabe qu\u00e9 es lo mejor para usted y su hijo. Si est\u00e1 buscando m\u00e1s informaci\u00f3n sobre el proceso de adopci\u00f3n, <g id=\"gid_0\">p\u00f3ngase en contacto con nosotros<\/g> hoy mismo para programar una cita. Estamos disponibles para responder a sus preguntas.  <\/p>&#13;\n","protected":false},"excerpt":{"rendered":"<p>Elegir hacer un plan de adopci\u00f3n no es f\u00e1cil, pero tambi\u00e9n es valiente. Hay tres planes de adopci\u00f3n para elegir. Usted decide qui\u00e9nes ser\u00e1n los padres adoptivos y qu\u00e9 estilo de vida quiere para su hijo.   <\/p>\n","protected":false},"author":1,"featured_media":0,"parent":2347,"menu_order":2,"comment_status":"closed","ping_status":"closed","template":"","meta":{"_acf_changed":false,"footnotes":""},"class_list":["post-2413","page","type-page","status-publish","hentry"],"acf":[],"yoast_head":"<!-- This site is optimized with the Yoast SEO plugin v27.3 - https:\/\/yoast.com\/product\/yoast-seo-wordpress\/ -->\n<title>Adopci\u00f3n en Colorado Springs | Colorado Springs Pregnancy Center | CO<\/title>\n<meta name=\"description\" content=\"Read about Adopci\u00f3n. Colorado Springs Pregnancy Center provides free services for pregnant women.\" \/>\n<meta name=\"robots\" content=\"index, follow, max-snippet:-1, max-image-preview:large, max-video-preview:-1\" \/>\n<link rel=\"canonical\" href=\"https:\/\/cspregnancycenter.com\/es\/opciones-de-embarazo\/adopcion\/\" \/>\n<meta property=\"og:locale\" content=\"es_ES\" \/>\n<meta property=\"og:type\" content=\"article\" \/>\n<meta property=\"og:title\" content=\"Adopci\u00f3n en Colorado Springs | Colorado Springs Pregnancy Center | CO\" \/>\n<meta property=\"og:description\" content=\"Read about Adopci\u00f3n. Colorado Springs Pregnancy Center provides free services for pregnant women.\" \/>\n<meta property=\"og:url\" content=\"https:\/\/cspregnancycenter.com\/es\/opciones-de-embarazo\/adopcion\/\" \/>\n<meta property=\"og:site_name\" content=\"Colorado Springs Pregnancy Center\" \/>\n<meta property=\"article:modified_time\" content=\"2025-12-03T06:50:40+00:00\" \/>\n<meta name=\"twitter:card\" content=\"summary_large_image\" \/>\n<meta name=\"twitter:label1\" content=\"Tiempo de lectura\" \/>\n\t<meta name=\"twitter:data1\" content=\"2 minutos\" \/>\n<!-- \/ Yoast SEO plugin. -->","yoast_head_json":{"title":"Adopci\u00f3n en Colorado Springs | Colorado Springs Pregnancy Center | CO","description":"Read about Adopci\u00f3n. Colorado Springs Pregnancy Center provides free services for pregnant women.","robots":{"index":"index","follow":"follow","max-snippet":"max-snippet:-1","max-image-preview":"max-image-preview:large","max-video-preview":"max-video-preview:-1"},"canonical":"https:\/\/cspregnancycenter.com\/es\/opciones-de-embarazo\/adopcion\/","og_locale":"es_ES","og_type":"article","og_title":"Adopci\u00f3n en Colorado Springs | Colorado Springs Pregnancy Center | CO","og_description":"Read about Adopci\u00f3n. Colorado Springs Pregnancy Center provides free services for pregnant women.","og_url":"https:\/\/cspregnancycenter.com\/es\/opciones-de-embarazo\/adopcion\/","og_site_name":"Colorado Springs Pregnancy Center","article_modified_time":"2025-12-03T06:50:40+00:00","twitter_card":"summary_large_image","twitter_misc":{"Tiempo de lectura":"2 minutos"},"schema":{"@context":"https:\/\/schema.org","@graph":[{"@type":"WebPage","@id":"https:\/\/cspregnancycenter.com\/es\/opciones-de-embarazo\/adopcion\/","url":"https:\/\/cspregnancycenter.com\/es\/opciones-de-embarazo\/adopcion\/","name":"Adopci\u00f3n en Colorado Springs | Colorado Springs Pregnancy Center | CO","isPartOf":{"@id":"https:\/\/cspregnancycenter.com\/es\/#website"},"datePublished":"2022-04-01T10:12:07+00:00","dateModified":"2025-12-03T06:50:40+00:00","description":"Read about Adopci\u00f3n. Colorado Springs Pregnancy Center provides free services for pregnant women.","breadcrumb":{"@id":"https:\/\/cspregnancycenter.com\/es\/opciones-de-embarazo\/adopcion\/#breadcrumb"},"inLanguage":"es","potentialAction":[{"@type":"ReadAction","target":["https:\/\/cspregnancycenter.com\/es\/opciones-de-embarazo\/adopcion\/"]}]},{"@type":"BreadcrumbList","@id":"https:\/\/cspregnancycenter.com\/es\/opciones-de-embarazo\/adopcion\/#breadcrumb","itemListElement":[{"@type":"ListItem","position":1,"name":"Home","item":"https:\/\/cspregnancycenter.com\/es\/"},{"@type":"ListItem","position":2,"name":"Opciones de embarazo","item":"https:\/\/cspregnancycenter.com\/es\/opciones-de-embarazo\/"},{"@type":"ListItem","position":3,"name":"Adopci\u00f3n"}]},{"@type":"WebSite","@id":"https:\/\/cspregnancycenter.com\/es\/#website","url":"https:\/\/cspregnancycenter.com\/es\/","name":"Colorado Springs Pregnancy Center","description":"","publisher":{"@id":"https:\/\/cspregnancycenter.com\/es\/#organization"},"potentialAction":[{"@type":"SearchAction","target":{"@type":"EntryPoint","urlTemplate":"https:\/\/cspregnancycenter.com\/es\/?s={search_term_string}"},"query-input":{"@type":"PropertyValueSpecification","valueRequired":true,"valueName":"search_term_string"}}],"inLanguage":"es"},{"@type":"Organization","@id":"https:\/\/cspregnancycenter.com\/es\/#organization","name":"Centro de Embarazo de Colorado Springs","url":"https:\/\/cspregnancycenter.com\/es\/","logo":{"@type":"ImageObject","inLanguage":"es","@id":"https:\/\/cspregnancycenter.com\/es\/#\/schema\/logo\/image\/","url":"https:\/\/cspregnancycenter.com\/wp-content\/uploads\/2022\/04\/logo-1-1.png","contentUrl":"https:\/\/cspregnancycenter.com\/wp-content\/uploads\/2022\/04\/logo-1-1.png","width":434,"height":115,"caption":"Centro de Embarazo de Colorado Springs"},"image":{"@id":"https:\/\/cspregnancycenter.com\/es\/#\/schema\/logo\/image\/"}}]}},"_links":{"self":[{"href":"https:\/\/cspregnancycenter.com\/es\/wp-json\/wp\/v2\/pages\/2413","targetHints":{"allow":["GET"]}}],"collection":[{"href":"https:\/\/cspregnancycenter.com\/es\/wp-json\/wp\/v2\/pages"}],"about":[{"href":"https:\/\/cspregnancycenter.com\/es\/wp-json\/wp\/v2\/types\/page"}],"author":[{"embeddable":true,"href":"https:\/\/cspregnancycenter.com\/es\/wp-json\/wp\/v2\/users\/1"}],"replies":[{"embeddable":true,"href":"https:\/\/cspregnancycenter.com\/es\/wp-json\/wp\/v2\/comments?post=2413"}],"version-history":[{"count":0,"href":"https:\/\/cspregnancycenter.com\/es\/wp-json\/wp\/v2\/pages\/2413\/revisions"}],"up":[{"embeddable":true,"href":"https:\/\/cspregnancycenter.com\/es\/wp-json\/wp\/v2\/pages\/2347"}],"wp:attachment":[{"href":"https:\/\/cspregnancycenter.com\/es\/wp-json\/wp\/v2\/media?parent=2413"}],"curies":[{"name":"wp","href":"https:\/\/api.w.org\/{rel}","templated":true}]}}