{"id":2411,"date":"2022-04-01T10:22:40","date_gmt":"2022-04-01T10:22:40","guid":{"rendered":"https:\/\/cspregnancycenter.com\/en-espanol\/"},"modified":"2025-12-03T06:50:33","modified_gmt":"2025-12-03T06:50:33","slug":"en-espanol","status":"publish","type":"page","link":"https:\/\/cspregnancycenter.com\/es\/en-espanol\/","title":{"rendered":"En Espa\u00f1ol"},"content":{"rendered":"&#13;\n<h2 class=\"wp-block-heading\">Podemos Ayudar<\/h2>&#13;\n&#13;\n<p>En Colorado Springs Pregnancy Center, estamos para ayudarle. Nuestro equipo habla espa\u00f1ol para poder servirle mejor. <\/p>&#13;\n&#13;\n<p>Nosotros proveemos los siguientes servicios: pruebas de embarazo gratis, pruebas de ETS (Enfermedades Transmitidas Sexualmente) gratis, consejo de opciones, citas con mentores para hombres y mujeres y un programa de educaci\u00f3n de la crianza de los hijos para aquellos que deciden seguir adelante con su embarazo. Su visita es completamente confidencial. <\/p>&#13;\n&#13;\n<p><a href=\"https:\/\/cspregnancycenter.com\/es\/contacte-con-nosotros\/\" target=\"_blank\" rel=\"noreferrer noopener\" data-type=\"URL\" data-id=\"https:\/\/cspregnancycenter.com\/contact\/\" data-wpel-link=\"internal\">Cont\u00e1ctenos para hacer una cita<\/a>.<\/p>&#13;\n&#13;\n<h2 class=\"wp-block-heading\">Apoyo Postaborto<\/h2>&#13;\n&#13;\n<p>Si ha tenido un aborto, no est\u00e1 sola. Nosotros proveemos ayuda y apoyo a trav\u00e9s de nuestro programa postaborto, Bridges of Hope. Para m\u00e1s informaci\u00f3n, por favor cont\u00e1ctenos al 719-355-1177 y\/o en la p\u00e1gina de cont\u00e1ctenos.  <\/p>&#13;\n&#13;\n<h2 class=\"wp-block-heading\">Referencias Comunitarias<\/h2>&#13;\n&#13;\n<p>Colorado Springs Pregnancy Center ofrece referencias para los siguientes servicios:<\/p>&#13;\n&#13;\n<ul class=\"wp-block-list\">&#13;\n<li>Asistencia M\u00e9dica<\/li>&#13;\n<li>Proveedores de asistencia m\u00e9dica<\/li>&#13;\n<li>Remisiones del alojamiento<\/li>&#13;\n<li>Referencias de asistencia financiera<\/li>&#13;\n<li>Adopci\u00f3n<\/li>&#13;\n<li>Consejer\u00eda para violencia dom\u00e9stica<\/li>&#13;\n<li>Consejer\u00eda para abuso de sustancias<\/li>&#13;\n<li>Consejer\u00eda profesional<\/li>&#13;\n<\/ul>&#13;\n&#13;\n<p>Si necesita cualquiera de estos servicios, por favor cont\u00e1ctenos hoy.<\/p>&#13;\n&#13;\n<p>Tenemos dos ubicaciones. Estamos abiertos de lunes a martes. Ubicaciones y horarios:  <\/p>&#13;\n&#13;\n<p><strong>Ubicaci\u00f3n de Galley<\/strong><\/p>&#13;\n<p>3700 Galley Rd., Colorado Springs<\/p>&#13;\n&#13;\n<p><strong>Ll\u00e1menos:<\/strong> <a href=\"tel:7192497389\" data-wpel-link=\"internal\">719-249-7389<\/a><\/p>&#13;\n&#13;\n<p><strong>Horario:<\/strong><\/p>&#13;\n&#13;\n<p>Lunes y Martes: 10:00am \u2013 7:00pm<\/p>&#13;\n&#13;\n<p>Mi\u00e9rcoles, Jueves, Viernes: 10:00am \u2013 5:00pm<\/p>&#13;\n<p><strong>Centro de Embarazo de Colorado Springs: Este<\/strong><\/p>&#13;\n<p>7165 Meridian Rd. Peyton, CO 80831 <\/p>&#13;\n<p><strong>Horario:<\/strong><\/p>&#13;\n<p><\/p>&#13;\n<p>Lunes y Martes: 10:00am \u2013 7:00pm<\/p>&#13;\n<p><\/p>&#13;\n<p>Mi\u00e9rcoles, Jueves, Viernes: 10:00am \u2013 5:00pm<\/p>&#13;\n<p>S\u00e1bado y Domingo: CERRADO<\/p>&#13;\n<p><strong>Centro de Embarazo de Colorado Springs: Fountain<\/strong><\/p>&#13;\n<p>97 Widefield Blvd, Colorado Springs, CO 80911<\/p>&#13;\n<p><\/p>\r\n&#13;\n<p><strong>Horario:<\/strong><\/p>&#13;\n&#13;\n<p>Martes, Mi\u00e9rcoles, Jueves, Viernes: 8:30am \u2013 4:00pm<\/p>&#13;\n&#13;\n<p>S\u00e1bado: 8:30am \u2013 2:00pm<\/p>&#13;\n&#13;\n<p>Domingo y Lunes: CERRADO<\/p>&#13;\n","protected":false},"excerpt":{"rendered":"<p>&#13; Podemos Ayudar &#13; &#13; En Colorado Springs Pregnancy Center, estamos para ayudarle. Nuestro equipo habla espa\u00f1ol para poder servirle mejor. &#13; &#13; Nosotros proveemos los siguientes servicios: pruebas de embarazo gratis, pruebas de ETS (Enfermedades Transmitidas Sexualmente) gratis, consejo de opciones, citas con mentores para hombres y mujeres y un programa de educaci\u00f3n de<\/p>\n","protected":false},"author":1,"featured_media":0,"parent":0,"menu_order":0,"comment_status":"closed","ping_status":"closed","template":"","meta":{"_acf_changed":false,"footnotes":""},"class_list":["post-2411","page","type-page","status-publish","hentry"],"acf":[],"yoast_head":"<!-- This site is optimized with the Yoast SEO plugin v27.3 - https:\/\/yoast.com\/product\/yoast-seo-wordpress\/ -->\n<title>En Espa\u00f1ol | Colorado Springs Pregnancy Center | CO<\/title>\n<meta name=\"description\" content=\"Read about En Espa\u00f1ol. Colorado Springs Pregnancy Center provides free services for pregnant women.\" \/>\n<meta name=\"robots\" content=\"index, follow, max-snippet:-1, max-image-preview:large, max-video-preview:-1\" \/>\n<link rel=\"canonical\" href=\"https:\/\/cspregnancycenter.com\/es\/en-espanol\/\" \/>\n<meta property=\"og:locale\" content=\"es_ES\" \/>\n<meta property=\"og:type\" content=\"article\" \/>\n<meta property=\"og:title\" content=\"En Espa\u00f1ol | Colorado Springs Pregnancy Center | CO\" \/>\n<meta property=\"og:description\" content=\"Read about En Espa\u00f1ol. Colorado Springs Pregnancy Center provides free services for pregnant women.\" \/>\n<meta property=\"og:url\" content=\"https:\/\/cspregnancycenter.com\/es\/en-espanol\/\" \/>\n<meta property=\"og:site_name\" content=\"Colorado Springs Pregnancy Center\" \/>\n<meta property=\"article:modified_time\" content=\"2025-12-03T06:50:33+00:00\" \/>\n<meta name=\"twitter:card\" content=\"summary_large_image\" \/>\n<meta name=\"twitter:label1\" content=\"Tiempo de lectura\" \/>\n\t<meta name=\"twitter:data1\" content=\"1 minuto\" \/>\n<!-- \/ Yoast SEO plugin. -->","yoast_head_json":{"title":"En Espa\u00f1ol | Colorado Springs Pregnancy Center | CO","description":"Read about En Espa\u00f1ol. Colorado Springs Pregnancy Center provides free services for pregnant women.","robots":{"index":"index","follow":"follow","max-snippet":"max-snippet:-1","max-image-preview":"max-image-preview:large","max-video-preview":"max-video-preview:-1"},"canonical":"https:\/\/cspregnancycenter.com\/es\/en-espanol\/","og_locale":"es_ES","og_type":"article","og_title":"En Espa\u00f1ol | Colorado Springs Pregnancy Center | CO","og_description":"Read about En Espa\u00f1ol. Colorado Springs Pregnancy Center provides free services for pregnant women.","og_url":"https:\/\/cspregnancycenter.com\/es\/en-espanol\/","og_site_name":"Colorado Springs Pregnancy Center","article_modified_time":"2025-12-03T06:50:33+00:00","twitter_card":"summary_large_image","twitter_misc":{"Tiempo de lectura":"1 minuto"},"schema":{"@context":"https:\/\/schema.org","@graph":[{"@type":"WebPage","@id":"https:\/\/cspregnancycenter.com\/es\/en-espanol\/","url":"https:\/\/cspregnancycenter.com\/es\/en-espanol\/","name":"En Espa\u00f1ol | Colorado Springs Pregnancy Center | CO","isPartOf":{"@id":"https:\/\/cspregnancycenter.com\/es\/#website"},"datePublished":"2022-04-01T10:22:40+00:00","dateModified":"2025-12-03T06:50:33+00:00","description":"Read about En Espa\u00f1ol. Colorado Springs Pregnancy Center provides free services for pregnant women.","breadcrumb":{"@id":"https:\/\/cspregnancycenter.com\/es\/en-espanol\/#breadcrumb"},"inLanguage":"es","potentialAction":[{"@type":"ReadAction","target":["https:\/\/cspregnancycenter.com\/es\/en-espanol\/"]}]},{"@type":"BreadcrumbList","@id":"https:\/\/cspregnancycenter.com\/es\/en-espanol\/#breadcrumb","itemListElement":[{"@type":"ListItem","position":1,"name":"Home","item":"https:\/\/cspregnancycenter.com\/es\/"},{"@type":"ListItem","position":2,"name":"En Espa\u00f1ol"}]},{"@type":"WebSite","@id":"https:\/\/cspregnancycenter.com\/es\/#website","url":"https:\/\/cspregnancycenter.com\/es\/","name":"Colorado Springs Pregnancy Center","description":"","publisher":{"@id":"https:\/\/cspregnancycenter.com\/es\/#organization"},"potentialAction":[{"@type":"SearchAction","target":{"@type":"EntryPoint","urlTemplate":"https:\/\/cspregnancycenter.com\/es\/?s={search_term_string}"},"query-input":{"@type":"PropertyValueSpecification","valueRequired":true,"valueName":"search_term_string"}}],"inLanguage":"es"},{"@type":"Organization","@id":"https:\/\/cspregnancycenter.com\/es\/#organization","name":"Centro de Embarazo de Colorado Springs","url":"https:\/\/cspregnancycenter.com\/es\/","logo":{"@type":"ImageObject","inLanguage":"es","@id":"https:\/\/cspregnancycenter.com\/es\/#\/schema\/logo\/image\/","url":"https:\/\/cspregnancycenter.com\/wp-content\/uploads\/2022\/04\/logo-1-1.png","contentUrl":"https:\/\/cspregnancycenter.com\/wp-content\/uploads\/2022\/04\/logo-1-1.png","width":434,"height":115,"caption":"Centro de Embarazo de Colorado Springs"},"image":{"@id":"https:\/\/cspregnancycenter.com\/es\/#\/schema\/logo\/image\/"}}]}},"_links":{"self":[{"href":"https:\/\/cspregnancycenter.com\/es\/wp-json\/wp\/v2\/pages\/2411","targetHints":{"allow":["GET"]}}],"collection":[{"href":"https:\/\/cspregnancycenter.com\/es\/wp-json\/wp\/v2\/pages"}],"about":[{"href":"https:\/\/cspregnancycenter.com\/es\/wp-json\/wp\/v2\/types\/page"}],"author":[{"embeddable":true,"href":"https:\/\/cspregnancycenter.com\/es\/wp-json\/wp\/v2\/users\/1"}],"replies":[{"embeddable":true,"href":"https:\/\/cspregnancycenter.com\/es\/wp-json\/wp\/v2\/comments?post=2411"}],"version-history":[{"count":0,"href":"https:\/\/cspregnancycenter.com\/es\/wp-json\/wp\/v2\/pages\/2411\/revisions"}],"wp:attachment":[{"href":"https:\/\/cspregnancycenter.com\/es\/wp-json\/wp\/v2\/media?parent=2411"}],"curies":[{"name":"wp","href":"https:\/\/api.w.org\/{rel}","templated":true}]}}