{"id":2409,"date":"2022-05-10T10:57:19","date_gmt":"2022-05-10T10:57:19","guid":{"rendered":"https:\/\/cspregnancycenter.com\/efectos-secundarios-del-aborto\/"},"modified":"2026-02-02T13:31:14","modified_gmt":"2026-02-02T13:31:14","slug":"efectos-secundarios-del-aborto","status":"publish","type":"page","link":"https:\/\/cspregnancycenter.com\/es\/efectos-secundarios-del-aborto\/","title":{"rendered":"Efectos secundarios del aborto"},"content":{"rendered":"\n<p><\/p>\n\n<figure class=\"wp-block-image size-full\"><a href=\"https:\/\/cspregnancycenter.com\/es\/contacte-con-nosotros\/\" data-wpel-link=\"internal\"><img decoding=\"async\" width=\"472\" height=\"100\" src=\"https:\/\/cspregnancycenter.com\/wp-content\/uploads\/2022\/05\/pregnancy-services.png\" alt=\"\" class=\"wp-image-1442\" srcset=\"https:\/\/cspregnancycenter.com\/wp-content\/uploads\/2022\/05\/pregnancy-services.png 472w, https:\/\/cspregnancycenter.com\/wp-content\/uploads\/2022\/05\/pregnancy-services-300x64.png 300w, https:\/\/cspregnancycenter.com\/wp-content\/uploads\/2022\/05\/pregnancy-services-120x25.png 120w\" sizes=\"(max-width: 472px) 100vw, 472px\" \/><\/a><\/figure>\n\n<h2 class=\"wp-block-heading\">PROCEDIMIENTOS ESPEC\u00cdFICOS DE ABORTO Y POSIBLES EFECTOS SECUNDARIOS<\/h2>\n\n<p>Los efectos secundarios del aborto var\u00edan, dependiendo del tipo de procedimiento de aborto que se realice. A continuaci\u00f3n, se presentan varios tipos de aborto junto con los riesgos que implican: <\/p>\n\n<ul class=\"wp-block-list\"><li><strong>Aborto m\u00e9dico:<\/strong> A la mujer se le administran medicamentos sin necesidad de someterse a cirug\u00eda. Generalmente requiere 3 visitas a la cl\u00ednica. La FDA permite este tipo de procedimiento de aborto hasta 49 d\u00edas despu\u00e9s del \u00faltimo per\u00edodo menstrual. El mifepristone (RU 486) se administra a menudo como medicamento y hace que la madre expulse co\u00e1gulos, tejido y al feto. Es importante acudir a cada una de las citas de seguimiento.    <br\/><br\/>Los efectos secundarios de este procedimiento de aborto incluyen: sangrado durante 3 semanas o m\u00e1s, hinchaz\u00f3n de labios o cara, calambres, dolor, v\u00f3mitos, escalofr\u00edos, mareos, fatiga, infecci\u00f3n, dolor de espalda y otras complicaciones. Los efectos secundarios para el beb\u00e9 incluyen inanici\u00f3n y muerte. Los efectos a largo plazo a\u00fan se est\u00e1n estudiando.  <\/li><li><strong>Aspiraci\u00f3n por succi\u00f3n o \u00ablegrado\u00bb:<\/strong> Este procedimiento se realiza en el primer trimestre. El m\u00e9dico dilata el cuello uterino y succiona al beb\u00e9. Las paredes uterinas pueden rasparse para asegurarse de que todo se haya extra\u00eddo por completo: l\u00edquido amni\u00f3tico, tejido placentario y partes fetales.  <br\/><br\/>Los efectos secundarios de este procedimiento de aborto incluyen: calambres, dolor p\u00e9lvico, da\u00f1o uterino, lesi\u00f3n en el intestino, la vejiga o el cuello uterino, sangrado abundante o complicaciones m\u00e1s graves. Si el beb\u00e9 no se extrae por completo, puede desarrollarse f\u00e1cilmente una infecci\u00f3n, que es la complicaci\u00f3n m\u00e1s com\u00fan despu\u00e9s del aborto. El efecto secundario para el beb\u00e9 es la muerte.  <\/li><li><strong>Dilataci\u00f3n y legrado (D&amp;C):<\/strong> Esto tambi\u00e9n se hace en el primer trimestre. El cuello uterino se dilata y se usa un cuchillo en forma de bucle para cortar y extraer al beb\u00e9. La pared uterina se raspa para extraer el l\u00edquido, el tejido placentario y las partes fetales.  <br\/><br\/>Los efectos secundarios de este procedimiento de aborto incluyen: calambres, dolor p\u00e9lvico, da\u00f1o uterino, lesi\u00f3n en el intestino, la vejiga o el cuello uterino, sangrado abundante o complicaciones m\u00e1s graves. La p\u00e9rdida de sangre, el da\u00f1o al \u00fatero y la infecci\u00f3n son los efectos secundarios m\u00e1s comunes. El efecto secundario para el beb\u00e9 es la muerte.  <\/li><li><strong>Dilataci\u00f3n y evacuaci\u00f3n (D&amp;E):<\/strong> Dentro de las 24 semanas de embarazo, el m\u00e9dico dilatar\u00e1 el cuello uterino y raspar\u00e1 el \u00fatero para extraer al beb\u00e9 y la placenta. Si el procedimiento se realiza despu\u00e9s de las 16 semanas, el beb\u00e9 se extrae con f\u00f3rceps. <br\/><br\/>Los efectos secundarios de este procedimiento de aborto incluyen: da\u00f1o al \u00fatero, cuello uterino, intestino o vejiga, infecci\u00f3n u otras afecciones graves. Pueden ser necesarias otras cirug\u00edas si el beb\u00e9 no se extrae por completo o si se producen complicaciones. Los efectos secundarios para el beb\u00e9 incluyen la muerte.  <\/li><li><strong>Inducci\u00f3n m\u00e9dica:<\/strong> Este procedimiento, utilizado despu\u00e9s de las 16 semanas, utiliza medicamentos para iniciar el trabajo de parto. El trabajo de parto puede tardar varias horas o varios d\u00edas en completarse. A veces, el \u00fatero se raspa para asegurarse de que todo se haya extra\u00eddo.  <br\/><br\/>Los efectos secundarios de este procedimiento de aborto incluyen: v\u00f3mitos, diarrea, fiebre, infecci\u00f3n, sangrado abundante y otros riesgos m\u00e1s graves. Si un beb\u00e9 nace vivo, el m\u00e9dico puede estar obligado a cuidar al ni\u00f1o. Pueden ser necesarias otras cirug\u00edas si se producen complicaciones. Los efectos secundarios para el beb\u00e9 incluyen la muerte.   <\/li><li><strong>Dilataci\u00f3n y extracci\u00f3n (D&amp;X):<\/strong> Este procedimiento se realiza entre las 20 y las 32 semanas. El cuello uterino se dilata y el m\u00e9dico sujeta el pie del beb\u00e9 con un instrumento, sacando al ni\u00f1o excepto por la cabeza. Luego se usan tijeras para hacer un agujero en la parte posterior de la cabeza del beb\u00e9, se inserta un tubo y se succiona el contenido. La cabeza se colapsa y el beb\u00e9 nace muerto.   <br\/><br\/>Los efectos secundarios de este procedimiento de aborto incluyen: da\u00f1o al \u00fatero, intestino, vejiga o cuello uterino, sangrado abundante u otras afecciones graves que pueden requerir una cirug\u00eda adicional. Tambi\u00e9n puede haber una incapacidad para quedar embarazada en el futuro debido a complicaciones. Los efectos secundarios para el beb\u00e9 incluyen la muerte.  <\/li><\/ul>\n\n<p>Todos los procedimientos de aborto tienen riesgos y usted tiene derecho a comprender los riesgos y los efectos secundarios. Adem\u00e1s, siempre tiene derecho a cambiar de opini\u00f3n. Si tiene preguntas sobre estos procedimientos o desea hablar sobre sus opciones, p\u00f3ngase en contacto con nuestra oficina para una consulta personalizada.  <\/p>\n\n<p>Recursos:<br\/>https:\/\/www.optionline.org\/abortioneducation<br\/>https:\/\/www.midlandlifecenter.org\/abortion-risksprocedures<br\/>https:\/\/www.nrlc.org\/abortion\/medicalfacts\/techniques\/<\/p>\n","protected":false},"excerpt":{"rendered":"<p>PROCEDIMIENTOS ESPEC\u00cdFICOS DE ABORTO Y POSIBLES EFECTOS SECUNDARIOS Los efectos secundarios del aborto var\u00edan, dependiendo del tipo de procedimiento de aborto que se realice. A continuaci\u00f3n, se presentan varios tipos de aborto junto con los riesgos que implican: Aborto m\u00e9dico: A la mujer se le administran medicamentos sin necesidad de someterse a cirug\u00eda. Generalmente requiere<\/p>\n","protected":false},"author":1,"featured_media":0,"parent":0,"menu_order":0,"comment_status":"closed","ping_status":"closed","template":"","meta":{"_acf_changed":false,"footnotes":""},"class_list":["post-2409","page","type-page","status-publish","hentry"],"acf":[],"yoast_head":"<!-- This site is optimized with the Yoast SEO plugin v27.5 - https:\/\/yoast.com\/product\/yoast-seo-wordpress\/ -->\n<title>Efectos secundarios del aborto | Colorado Springs Pregnancy Center | CO<\/title>\n<meta name=\"description\" content=\"Read about Efectos secundarios del aborto. Colorado Springs Pregnancy Center provides free services for pregnant women.\" \/>\n<meta name=\"robots\" content=\"index, follow, max-snippet:-1, max-image-preview:large, max-video-preview:-1\" \/>\n<link rel=\"canonical\" href=\"https:\/\/cspregnancycenter.com\/es\/efectos-secundarios-del-aborto\/\" \/>\n<meta property=\"og:locale\" content=\"es_ES\" \/>\n<meta property=\"og:type\" content=\"article\" \/>\n<meta property=\"og:title\" content=\"Efectos secundarios del aborto | Colorado Springs Pregnancy Center | CO\" \/>\n<meta property=\"og:description\" content=\"Read about Efectos secundarios del aborto. Colorado Springs Pregnancy Center provides free services for pregnant women.\" \/>\n<meta property=\"og:url\" content=\"https:\/\/cspregnancycenter.com\/es\/efectos-secundarios-del-aborto\/\" \/>\n<meta property=\"og:site_name\" content=\"Colorado Springs Pregnancy Center\" \/>\n<meta property=\"article:modified_time\" content=\"2026-02-02T13:31:14+00:00\" \/>\n<meta property=\"og:image\" content=\"https:\/\/cspregnancycenter.com\/wp-content\/uploads\/2022\/05\/pregnancy-services.png\" \/>\n\t<meta property=\"og:image:width\" content=\"472\" \/>\n\t<meta property=\"og:image:height\" content=\"100\" \/>\n\t<meta property=\"og:image:type\" content=\"image\/png\" \/>\n<meta name=\"twitter:card\" content=\"summary_large_image\" \/>\n<meta name=\"twitter:label1\" content=\"Tiempo de lectura\" \/>\n\t<meta name=\"twitter:data1\" content=\"4 minutos\" \/>\n<!-- \/ Yoast SEO plugin. -->","yoast_head_json":{"title":"Efectos secundarios del aborto | Colorado Springs Pregnancy Center | CO","description":"Read about Efectos secundarios del aborto. Colorado Springs Pregnancy Center provides free services for pregnant women.","robots":{"index":"index","follow":"follow","max-snippet":"max-snippet:-1","max-image-preview":"max-image-preview:large","max-video-preview":"max-video-preview:-1"},"canonical":"https:\/\/cspregnancycenter.com\/es\/efectos-secundarios-del-aborto\/","og_locale":"es_ES","og_type":"article","og_title":"Efectos secundarios del aborto | Colorado Springs Pregnancy Center | CO","og_description":"Read about Efectos secundarios del aborto. Colorado Springs Pregnancy Center provides free services for pregnant women.","og_url":"https:\/\/cspregnancycenter.com\/es\/efectos-secundarios-del-aborto\/","og_site_name":"Colorado Springs Pregnancy Center","article_modified_time":"2026-02-02T13:31:14+00:00","og_image":[{"width":472,"height":100,"url":"https:\/\/cspregnancycenter.com\/wp-content\/uploads\/2022\/05\/pregnancy-services.png","type":"image\/png"}],"twitter_card":"summary_large_image","twitter_misc":{"Tiempo de lectura":"4 minutos"},"schema":{"@context":"https:\/\/schema.org","@graph":[{"@type":"WebPage","@id":"https:\/\/cspregnancycenter.com\/es\/efectos-secundarios-del-aborto\/","url":"https:\/\/cspregnancycenter.com\/es\/efectos-secundarios-del-aborto\/","name":"Efectos secundarios del aborto | Colorado Springs Pregnancy Center | CO","isPartOf":{"@id":"https:\/\/cspregnancycenter.com\/es\/#website"},"primaryImageOfPage":{"@id":"https:\/\/cspregnancycenter.com\/es\/efectos-secundarios-del-aborto\/#primaryimage"},"image":{"@id":"https:\/\/cspregnancycenter.com\/es\/efectos-secundarios-del-aborto\/#primaryimage"},"thumbnailUrl":"https:\/\/cspregnancycenter.com\/wp-content\/uploads\/2022\/05\/pregnancy-services.png","datePublished":"2022-05-10T10:57:19+00:00","dateModified":"2026-02-02T13:31:14+00:00","description":"Read about Efectos secundarios del aborto. Colorado Springs Pregnancy Center provides free services for pregnant women.","breadcrumb":{"@id":"https:\/\/cspregnancycenter.com\/es\/efectos-secundarios-del-aborto\/#breadcrumb"},"inLanguage":"es","potentialAction":[{"@type":"ReadAction","target":["https:\/\/cspregnancycenter.com\/es\/efectos-secundarios-del-aborto\/"]}]},{"@type":"ImageObject","inLanguage":"es","@id":"https:\/\/cspregnancycenter.com\/es\/efectos-secundarios-del-aborto\/#primaryimage","url":"https:\/\/cspregnancycenter.com\/wp-content\/uploads\/2022\/05\/pregnancy-services.png","contentUrl":"https:\/\/cspregnancycenter.com\/wp-content\/uploads\/2022\/05\/pregnancy-services.png"},{"@type":"BreadcrumbList","@id":"https:\/\/cspregnancycenter.com\/es\/efectos-secundarios-del-aborto\/#breadcrumb","itemListElement":[{"@type":"ListItem","position":1,"name":"Home","item":"https:\/\/cspregnancycenter.com\/es\/"},{"@type":"ListItem","position":2,"name":"Efectos secundarios del aborto"}]},{"@type":"WebSite","@id":"https:\/\/cspregnancycenter.com\/es\/#website","url":"https:\/\/cspregnancycenter.com\/es\/","name":"Colorado Springs Pregnancy Center","description":"","publisher":{"@id":"https:\/\/cspregnancycenter.com\/es\/#organization"},"potentialAction":[{"@type":"SearchAction","target":{"@type":"EntryPoint","urlTemplate":"https:\/\/cspregnancycenter.com\/es\/?s={search_term_string}"},"query-input":{"@type":"PropertyValueSpecification","valueRequired":true,"valueName":"search_term_string"}}],"inLanguage":"es"},{"@type":"Organization","@id":"https:\/\/cspregnancycenter.com\/es\/#organization","name":"Centro de Embarazo de Colorado Springs","url":"https:\/\/cspregnancycenter.com\/es\/","logo":{"@type":"ImageObject","inLanguage":"es","@id":"https:\/\/cspregnancycenter.com\/es\/#\/schema\/logo\/image\/","url":"https:\/\/cspregnancycenter.com\/wp-content\/uploads\/2022\/04\/logo-1-1.png","contentUrl":"https:\/\/cspregnancycenter.com\/wp-content\/uploads\/2022\/04\/logo-1-1.png","width":434,"height":115,"caption":"Centro de Embarazo de Colorado Springs"},"image":{"@id":"https:\/\/cspregnancycenter.com\/es\/#\/schema\/logo\/image\/"}}]}},"_links":{"self":[{"href":"https:\/\/cspregnancycenter.com\/es\/wp-json\/wp\/v2\/pages\/2409","targetHints":{"allow":["GET"]}}],"collection":[{"href":"https:\/\/cspregnancycenter.com\/es\/wp-json\/wp\/v2\/pages"}],"about":[{"href":"https:\/\/cspregnancycenter.com\/es\/wp-json\/wp\/v2\/types\/page"}],"author":[{"embeddable":true,"href":"https:\/\/cspregnancycenter.com\/es\/wp-json\/wp\/v2\/users\/1"}],"replies":[{"embeddable":true,"href":"https:\/\/cspregnancycenter.com\/es\/wp-json\/wp\/v2\/comments?post=2409"}],"version-history":[{"count":0,"href":"https:\/\/cspregnancycenter.com\/es\/wp-json\/wp\/v2\/pages\/2409\/revisions"}],"wp:attachment":[{"href":"https:\/\/cspregnancycenter.com\/es\/wp-json\/wp\/v2\/media?parent=2409"}],"curies":[{"name":"wp","href":"https:\/\/api.w.org\/{rel}","templated":true}]}}