{"id":2407,"date":"2022-06-23T21:15:34","date_gmt":"2022-06-23T21:15:34","guid":{"rendered":"https:\/\/cspregnancycenter.com\/tipos-de-procedimientos-de-aborto\/"},"modified":"2025-12-03T06:50:34","modified_gmt":"2025-12-03T06:50:34","slug":"tipos-de-procedimientos-de-aborto","status":"publish","type":"page","link":"https:\/\/cspregnancycenter.com\/es\/tipos-de-procedimientos-de-aborto\/","title":{"rendered":"Tipos de procedimientos de aborto"},"content":{"rendered":"<p><!-- \/wp:post-content --><!-- wp:heading {\"level\":4} --><\/p>\n<h2>Primer trimestre<\/h2>\n<p><!-- \/wp:heading --><!-- wp:paragraph --><\/p>\n<p>La FDA ha aprobado el m\u00e9todo de la p\u00edldora abortiva (tambi\u00e9n conocido como RU-486, m\u00e9dico o medicaci\u00f3n, qu\u00edmico) hasta 70 d\u00edas desde el primer d\u00eda de su \u00faltimo ciclo menstrual. La p\u00edldora abortiva no es lo mismo que la p\u00edldora del d\u00eda despu\u00e9s. <\/p>\n<p><!-- \/wp:paragraph --><!-- wp:paragraph --><\/p>\n<p>Este m\u00e9todo utiliza dos f\u00e1rmacos para interrumpir un embarazo durante un per\u00edodo de 24 a 48 horas.<\/p>\n<p><!-- \/wp:paragraph --><!-- wp:heading {\"level\":4} --><\/p>\n<h2>Segundo trimestre<\/h2>\n<p><!-- \/wp:heading --><!-- wp:paragraph --><\/p>\n<h3>Principios del segundo trimestre<\/h3>\n<p>Durante las primeras semanas de su segundo trimestre, el m\u00e9dico que realiza el aborto utiliza la aspiraci\u00f3n por vac\u00edo o la succi\u00f3n con una cureta en forma de cuchara para raspar el revestimiento del \u00fatero.<\/p>\n<p><!-- \/wp:paragraph --><!-- wp:heading {\"level\":4} --><\/p>\n<h3>Finales del segundo trimestre<\/h3>\n<p><!-- \/wp:heading --><!-- wp:paragraph --><\/p>\n<p>La dilataci\u00f3n y evacuaci\u00f3n (D &amp; E) extraen un embarazo del \u00fatero mediante succi\u00f3n, legrado, una cureta y, posiblemente, f\u00f3rceps.<\/p>\n<p><!-- \/wp:paragraph --><!-- wp:heading --><\/p>\n<h2>Servicios de embarazo gratuitos<\/h2>\n<p><!-- \/wp:heading --><!-- wp:paragraph --><\/p>\n<p>A menudo, las mujeres que se enfrentan a un embarazo no planificado sienten que quieren salir de su situaci\u00f3n lo m\u00e1s r\u00e1pido posible. \u00bfLe parece el aborto la respuesta m\u00e1s f\u00e1cil para acabar con sus problemas? El aborto es una de las decisiones m\u00e1s importantes que puede tomar una mujer.  <\/p>\n<p><!-- \/wp:paragraph --><!-- wp:paragraph --><\/p>\n<p>No es una decisi\u00f3n que deba tomar a la ligera. Por su salud y seguridad, haga todo lo posible por estar completa y exactamente informada. <\/p>\n<p><!-- \/wp:paragraph --><!-- wp:heading {\"level\":3} --><\/p>\n<h3>\u00bfQu\u00e9 puede esperar del Centro de Embarazo de Colorado Springs?<\/h3>\n<p><!-- \/wp:heading --><!-- wp:list --><\/p>\n<ul>\n<li>Pruebas de embarazo gratuitas con calidad de laboratorio<\/li>\n<li>Pruebas de ETS gratuitas para clamidia, gonorrea y anticuerpos contra el VIH<\/li>\n<li>Tratamiento gratuito de ETS para clamidia y gonorrea<\/li>\n<li>Ecograf\u00eda obst\u00e9trica limitada gratuita para confirmar el embarazo y la viabilidad<\/li>\n<li>Educaci\u00f3n integral sobre el aborto<\/li>\n<\/ul>\n<p><!-- \/wp:list --><!-- wp:heading --><\/p>\n<h3>Preg\u00fantese:<\/h3>\n<p><!-- \/wp:heading --><!-- wp:list --><\/p>\n<ul>\n<li>\u00bfEst\u00e1 segura de que est\u00e1 embarazada?<\/li>\n<li>\u00bfEs su embarazo viable y est\u00e1 localizado en su \u00fatero?<\/li>\n<li>\u00bfEs plenamente consciente de los procedimientos de aborto?<\/li>\n<li>\u00bfQu\u00e9 sabe sobre las consecuencias f\u00edsicas y emocionales del aborto?<\/li>\n<li>\u00bfEst\u00e1 familiarizada con la cl\u00ednica de aborto que ha elegido?<\/li>\n<li>\u00bfTiene el m\u00e9dico que realiza el aborto privilegios de ingreso en el hospital?<\/li>\n<li>\u00bfTiene actualmente una ETS?<\/li>\n<\/ul>\n<p><!-- wp:paragraph --><\/p>\n<p><em>El Centro de Embarazo de Colorado Springs no ofrece abortos ni derivaciones para abortos.<\/em><\/p>\n<p><!-- wp:buttons --><\/p>\n<div class=\"wp-block-buttons\">\n<div class=\"wp-block-button\" style=\"text-align: center;\"><a class=\"wp-block-button__link\" href=\"https:\/\/cspregnancycenter.com\/es\/contacte-con-nosotros\/\" data-wpel-link=\"internal\">Concertar una cita<\/a><\/div>\n<p><!-- \/wp:buttons --><\/p>\n<\/div>\n<p><!-- \/wp:paragraph --><\/p>\n<p><!-- wp:buttons --><\/p>\n<div class=\"wp-block-buttons\"><\/div>\n<p><!-- \/wp:buttons --><\/p>\n","protected":false},"excerpt":{"rendered":"<p>Primer trimestre La FDA ha aprobado el m\u00e9todo de la p\u00edldora abortiva (tambi\u00e9n conocido como RU-486, m\u00e9dico o medicaci\u00f3n, qu\u00edmico) hasta 70 d\u00edas desde el primer d\u00eda de su \u00faltimo ciclo menstrual. La p\u00edldora abortiva no es lo mismo que la p\u00edldora del d\u00eda despu\u00e9s. Este m\u00e9todo utiliza dos f\u00e1rmacos para interrumpir un embarazo durante<\/p>\n","protected":false},"author":1,"featured_media":0,"parent":0,"menu_order":0,"comment_status":"closed","ping_status":"closed","template":"","meta":{"_acf_changed":false,"footnotes":""},"class_list":["post-2407","page","type-page","status-publish","hentry"],"acf":[],"yoast_head":"<!-- This site is optimized with the Yoast SEO plugin v27.3 - https:\/\/yoast.com\/product\/yoast-seo-wordpress\/ -->\n<title>Tipos de procedimientos de aborto | Colorado Springs Pregnancy Center | CO<\/title>\n<meta name=\"description\" content=\"Read about Tipos de procedimientos de aborto. Colorado Springs Pregnancy Center provides free services for pregnant women.\" \/>\n<meta name=\"robots\" content=\"index, follow, max-snippet:-1, max-image-preview:large, max-video-preview:-1\" \/>\n<link rel=\"canonical\" href=\"https:\/\/cspregnancycenter.com\/es\/tipos-de-procedimientos-de-aborto\/\" \/>\n<meta property=\"og:locale\" content=\"es_ES\" \/>\n<meta property=\"og:type\" content=\"article\" \/>\n<meta property=\"og:title\" content=\"Tipos de procedimientos de aborto | Colorado Springs Pregnancy Center | CO\" \/>\n<meta property=\"og:description\" content=\"Read about Tipos de procedimientos de aborto. Colorado Springs Pregnancy Center provides free services for pregnant women.\" \/>\n<meta property=\"og:url\" content=\"https:\/\/cspregnancycenter.com\/es\/tipos-de-procedimientos-de-aborto\/\" \/>\n<meta property=\"og:site_name\" content=\"Colorado Springs Pregnancy Center\" \/>\n<meta property=\"article:modified_time\" content=\"2025-12-03T06:50:34+00:00\" \/>\n<meta name=\"twitter:card\" content=\"summary_large_image\" \/>\n<meta name=\"twitter:label1\" content=\"Tiempo de lectura\" \/>\n\t<meta name=\"twitter:data1\" content=\"2 minutos\" \/>\n<!-- \/ Yoast SEO plugin. -->","yoast_head_json":{"title":"Tipos de procedimientos de aborto | Colorado Springs Pregnancy Center | CO","description":"Read about Tipos de procedimientos de aborto. Colorado Springs Pregnancy Center provides free services for pregnant women.","robots":{"index":"index","follow":"follow","max-snippet":"max-snippet:-1","max-image-preview":"max-image-preview:large","max-video-preview":"max-video-preview:-1"},"canonical":"https:\/\/cspregnancycenter.com\/es\/tipos-de-procedimientos-de-aborto\/","og_locale":"es_ES","og_type":"article","og_title":"Tipos de procedimientos de aborto | Colorado Springs Pregnancy Center | CO","og_description":"Read about Tipos de procedimientos de aborto. Colorado Springs Pregnancy Center provides free services for pregnant women.","og_url":"https:\/\/cspregnancycenter.com\/es\/tipos-de-procedimientos-de-aborto\/","og_site_name":"Colorado Springs Pregnancy Center","article_modified_time":"2025-12-03T06:50:34+00:00","twitter_card":"summary_large_image","twitter_misc":{"Tiempo de lectura":"2 minutos"},"schema":{"@context":"https:\/\/schema.org","@graph":[{"@type":"WebPage","@id":"https:\/\/cspregnancycenter.com\/es\/tipos-de-procedimientos-de-aborto\/","url":"https:\/\/cspregnancycenter.com\/es\/tipos-de-procedimientos-de-aborto\/","name":"Tipos de procedimientos de aborto | Colorado Springs Pregnancy Center | CO","isPartOf":{"@id":"https:\/\/cspregnancycenter.com\/es\/#website"},"datePublished":"2022-06-23T21:15:34+00:00","dateModified":"2025-12-03T06:50:34+00:00","description":"Read about Tipos de procedimientos de aborto. Colorado Springs Pregnancy Center provides free services for pregnant women.","breadcrumb":{"@id":"https:\/\/cspregnancycenter.com\/es\/tipos-de-procedimientos-de-aborto\/#breadcrumb"},"inLanguage":"es","potentialAction":[{"@type":"ReadAction","target":["https:\/\/cspregnancycenter.com\/es\/tipos-de-procedimientos-de-aborto\/"]}]},{"@type":"BreadcrumbList","@id":"https:\/\/cspregnancycenter.com\/es\/tipos-de-procedimientos-de-aborto\/#breadcrumb","itemListElement":[{"@type":"ListItem","position":1,"name":"Home","item":"https:\/\/cspregnancycenter.com\/es\/"},{"@type":"ListItem","position":2,"name":"Tipos de procedimientos de aborto"}]},{"@type":"WebSite","@id":"https:\/\/cspregnancycenter.com\/es\/#website","url":"https:\/\/cspregnancycenter.com\/es\/","name":"Colorado Springs Pregnancy Center","description":"","publisher":{"@id":"https:\/\/cspregnancycenter.com\/es\/#organization"},"potentialAction":[{"@type":"SearchAction","target":{"@type":"EntryPoint","urlTemplate":"https:\/\/cspregnancycenter.com\/es\/?s={search_term_string}"},"query-input":{"@type":"PropertyValueSpecification","valueRequired":true,"valueName":"search_term_string"}}],"inLanguage":"es"},{"@type":"Organization","@id":"https:\/\/cspregnancycenter.com\/es\/#organization","name":"Centro de Embarazo de Colorado Springs","url":"https:\/\/cspregnancycenter.com\/es\/","logo":{"@type":"ImageObject","inLanguage":"es","@id":"https:\/\/cspregnancycenter.com\/es\/#\/schema\/logo\/image\/","url":"https:\/\/cspregnancycenter.com\/wp-content\/uploads\/2022\/04\/logo-1-1.png","contentUrl":"https:\/\/cspregnancycenter.com\/wp-content\/uploads\/2022\/04\/logo-1-1.png","width":434,"height":115,"caption":"Centro de Embarazo de Colorado Springs"},"image":{"@id":"https:\/\/cspregnancycenter.com\/es\/#\/schema\/logo\/image\/"}}]}},"_links":{"self":[{"href":"https:\/\/cspregnancycenter.com\/es\/wp-json\/wp\/v2\/pages\/2407","targetHints":{"allow":["GET"]}}],"collection":[{"href":"https:\/\/cspregnancycenter.com\/es\/wp-json\/wp\/v2\/pages"}],"about":[{"href":"https:\/\/cspregnancycenter.com\/es\/wp-json\/wp\/v2\/types\/page"}],"author":[{"embeddable":true,"href":"https:\/\/cspregnancycenter.com\/es\/wp-json\/wp\/v2\/users\/1"}],"replies":[{"embeddable":true,"href":"https:\/\/cspregnancycenter.com\/es\/wp-json\/wp\/v2\/comments?post=2407"}],"version-history":[{"count":0,"href":"https:\/\/cspregnancycenter.com\/es\/wp-json\/wp\/v2\/pages\/2407\/revisions"}],"wp:attachment":[{"href":"https:\/\/cspregnancycenter.com\/es\/wp-json\/wp\/v2\/media?parent=2407"}],"curies":[{"name":"wp","href":"https:\/\/api.w.org\/{rel}","templated":true}]}}