{"id":2405,"date":"2022-08-08T22:09:07","date_gmt":"2022-08-08T22:09:07","guid":{"rendered":"https:\/\/cspregnancycenter.com\/maternidad\/"},"modified":"2026-03-25T18:39:51","modified_gmt":"2026-03-25T18:39:51","slug":"maternidad","status":"publish","type":"page","link":"https:\/\/cspregnancycenter.com\/es\/maternidad\/","title":{"rendered":"Maternidad"},"content":{"rendered":"&#13;\n<h2 class=\"wp-block-heading\">\u00a1Puede con esto, mam\u00e1!<\/h2>&#13;\n&#13;\n<p>El programa de crianza Maternidad est\u00e1 aqu\u00ed para apoyarle en cada paso del camino mientras se convierte en una madre segura y empoderada.<\/p>&#13;\n&#13;\n<h3 class=\"wp-block-heading\">Qu\u00e9 esperar:<\/h3>&#13;\n\r\n<ul class=\"wp-block-list\">&#13;\n<li>Disfrute de reuniones individuales con su asesora cada dos semanas durante el embarazo hasta que su hijo cumpla dos a\u00f1os.<\/li>&#13;\n\r\n\r\n&#13;\n<li>Asista a clases educativas sobre desarrollo infantil, nutrici\u00f3n, v\u00ednculos afectivos, control de esf\u00ednteres y mucho m\u00e1s.<\/li>&#13;\n\r\n\r\n&#13;\n<li>Reciba art\u00edculos esenciales para el beb\u00e9 de forma gratuita al completar las citas y tareas educativas.<\/li>&#13;\n\r\n\r\n&#13;\n<li>Sepa que nunca tendr\u00e1 que criar solo\/a.<\/li>&#13;\n<\/ul>\r\n&#13;\n<h4 class=\"wp-block-heading\"><em>\u00a1Gane art\u00edculos de la Boutique del Beb\u00e9 por completar las lecciones!<\/em><\/h4>&#13;\n\r\n<blockquote class=\"wp-block-quote is-layout-flow wp-block-quote-is-layout-flow\">&#13;\n<p>\u00abCuando me enter\u00e9 de que estaba embarazada de mi hija, estaba perdida y asustada. Desde que asisto al Programa de Crianza, no he recibido m\u00e1s que apoyo y cari\u00f1o por su parte. \u00a1Ahora mi hija tiene 2 a\u00f1os y medio! No puedo imaginar no pasar ese tiempo con ellos dos veces al mes. \u00a1Me han mostrado m\u00e1s orientaci\u00f3n de la que podr\u00eda pedir! Nunca podr\u00e9 agradecerles lo suficiente todo lo que han hecho por m\u00ed.\u00bb<\/p>&#13;\n<cite>Reci\u00e9n graduada del programa Maternidad<\/cite><\/blockquote>\r\n&#13;\n<p>\u00a1Inscr\u00edbase ahora! Rellene el formulario de informaci\u00f3n en l\u00ednea. <\/p>&#13;\n&#13;\n<h2 class=\"wp-block-heading\">Solicite m\u00e1s informaci\u00f3n sobre el programa Maternidad<\/h2>&#13;\n<script type=\"text\/javascript\">\n\/* <![CDATA[ *\/\nvar gform;gform||(document.addEventListener(\"gform_main_scripts_loaded\",function(){gform.scriptsLoaded=!0}),document.addEventListener(\"gform\/theme\/scripts_loaded\",function(){gform.themeScriptsLoaded=!0}),window.addEventListener(\"DOMContentLoaded\",function(){gform.domLoaded=!0}),gform={domLoaded:!1,scriptsLoaded:!1,themeScriptsLoaded:!1,isFormEditor:()=>\"function\"==typeof InitializeEditor,callIfLoaded:function(o){return!(!gform.domLoaded||!gform.scriptsLoaded||!gform.themeScriptsLoaded&&!gform.isFormEditor()||(gform.isFormEditor()&&console.warn(\"The use of gform.initializeOnLoaded() is deprecated in the form editor context and will be removed in Gravity Forms 3.1.\"),o(),0))},initializeOnLoaded:function(o){gform.callIfLoaded(o)||(document.addEventListener(\"gform_main_scripts_loaded\",()=>{gform.scriptsLoaded=!0,gform.callIfLoaded(o)}),document.addEventListener(\"gform\/theme\/scripts_loaded\",()=>{gform.themeScriptsLoaded=!0,gform.callIfLoaded(o)}),window.addEventListener(\"DOMContentLoaded\",()=>{gform.domLoaded=!0,gform.callIfLoaded(o)}))},hooks:{action:{},filter:{}},addAction:function(o,r,e,t){gform.addHook(\"action\",o,r,e,t)},addFilter:function(o,r,e,t){gform.addHook(\"filter\",o,r,e,t)},doAction:function(o){gform.doHook(\"action\",o,arguments)},applyFilters:function(o){return gform.doHook(\"filter\",o,arguments)},removeAction:function(o,r){gform.removeHook(\"action\",o,r)},removeFilter:function(o,r,e){gform.removeHook(\"filter\",o,r,e)},addHook:function(o,r,e,t,n){null==gform.hooks[o][r]&&(gform.hooks[o][r]=[]);var d=gform.hooks[o][r];null==n&&(n=r+\"_\"+d.length),gform.hooks[o][r].push({tag:n,callable:e,priority:t=null==t?10:t})},doHook:function(r,o,e){var t;if(e=Array.prototype.slice.call(e,1),null!=gform.hooks[r][o]&&((o=gform.hooks[r][o]).sort(function(o,r){return o.priority-r.priority}),o.forEach(function(o){\"function\"!=typeof(t=o.callable)&&(t=window[t]),\"action\"==r?t.apply(null,e):e[0]=t.apply(null,e)})),\"filter\"==r)return e[0]},removeHook:function(o,r,t,n){var e;null!=gform.hooks[o][r]&&(e=(e=gform.hooks[o][r]).filter(function(o,r,e){return!!(null!=n&&n!=o.tag||null!=t&&t!=o.priority)}),gform.hooks[o][r]=e)}});\n\/* ]]> *\/\n<\/script>\n\n                <div class='gf_browser_gecko gform_wrapper gravity-theme gform-theme--no-framework' data-form-theme='gravity-theme' data-form-index='0' id='gform_wrapper_4' ><div id='gf_4' class='gform_anchor' tabindex='-1'><\/div><form method='post' enctype='multipart\/form-data' target='gform_ajax_frame_4' id='gform_4'  action='\/es\/wp-json\/wp\/v2\/pages\/2405#gf_4' data-formid='4' novalidate>\n                        <div class='gform-body gform_body'><div id='gform_fields_4' class='gform_fields top_label form_sublabel_below description_below validation_below'><div id=\"field_4_3\" class=\"gfield gfield--type-text gfield--input-type-text gfield--width-full gfield_contains_required field_sublabel_below gfield--no-description field_description_below hidden_label field_validation_below gfield_visibility_visible\"  ><label class='gfield_label gform-field-label' for='input_4_3'>Nombre<span class=\"gfield_required\"><span class=\"gfield_required gfield_required_text\">(Obligatorio)<\/span><\/span><\/label><div class='ginput_container ginput_container_text'><input name='input_3' id='input_4_3' type='text' value='' class='large'    placeholder='Nombre' aria-required=\"true\" aria-invalid=\"false\"   \/><\/div><\/div><div id=\"field_4_4\" class=\"gfield gfield--type-email gfield--input-type-email gfield_contains_required field_sublabel_below gfield--no-description field_description_below hidden_label field_validation_below gfield_visibility_visible\"  ><label class='gfield_label gform-field-label' for='input_4_4'>Correo electr\u00f3nico<span class=\"gfield_required\"><span class=\"gfield_required gfield_required_text\">(Obligatorio)<\/span><\/span><\/label><div class='ginput_container ginput_container_email'>\n                            <input name='input_4' id='input_4_4' type='email' value='' class='large'   placeholder='Correo electr\u00f3nico' aria-required=\"true\" aria-invalid=\"false\"  \/>\n                        <\/div><\/div><div id=\"field_4_8\" class=\"gfield gfield--type-phone gfield--input-type-phone gfield--width-full gfield_contains_required field_sublabel_below gfield--no-description field_description_below hidden_label field_validation_below gfield_visibility_visible\"  ><label class='gfield_label gform-field-label' for='input_4_8'>Tel\u00e9fono<span class=\"gfield_required\"><span class=\"gfield_required gfield_required_text\">(Obligatorio)<\/span><\/span><\/label><div class='ginput_container ginput_container_phone'><input name='input_8' id='input_4_8' type='tel' value='' class='large'  placeholder='Tel\u00e9fono' aria-required=\"true\" aria-invalid=\"false\"   \/><\/div><\/div><div id=\"field_4_5\" class=\"gfield gfield--type-textarea gfield--input-type-textarea gfield--width-full gfield_contains_required field_sublabel_below gfield--no-description field_description_below hidden_label field_validation_below gfield_visibility_visible\"  ><label class='gfield_label gform-field-label' for='input_4_5'>Preguntas\/Comentarios<span class=\"gfield_required\"><span class=\"gfield_required gfield_required_text\">(Obligatorio)<\/span><\/span><\/label><div class='ginput_container ginput_container_textarea'><textarea name='input_5' id='input_4_5' class='textarea medium'    placeholder='Preguntas\/Comentarios' aria-required=\"true\" aria-invalid=\"false\"   rows='10' cols='50'><\/textarea><\/div><\/div><div id=\"field_4_9\" class=\"gfield gfield--type-captcha gfield--input-type-captcha gfield--width-full field_sublabel_below gfield--no-description field_description_below field_validation_below gfield_visibility_visible\"  ><label class='gfield_label gform-field-label' for='input_4_9'>CAPTCHA<\/label><div id='input_4_9' class='ginput_container ginput_recaptcha' data-sitekey='6LfNczIrAAAAAPQkiwS-7LFbf4UCivwE1dkIC_fw'  data-theme='light' data-tabindex='0'  data-badge=''><\/div><\/div><\/div><\/div>\n        <div class='gform-footer gform_footer top_label'> <input type='submit' id='gform_submit_button_4' class='gform_button button' onclick='gform.submission.handleButtonClick(this);' data-submission-type='submit' value='Enviar'  \/> <input type='hidden' name='gform_ajax' value='form_id=4&amp;title=&amp;description=&amp;tabindex=0&amp;theme=gravity-theme&amp;styles=[]&amp;hash=a1a4a23067d1203b26067a351884a391' \/>\n            <input type='hidden' class='gform_hidden' name='gform_submission_method' data-js='gform_submission_method_4' value='iframe' \/>\n            <input type='hidden' class='gform_hidden' name='gform_theme' data-js='gform_theme_4' id='gform_theme_4' value='gravity-theme' \/>\n            <input type='hidden' class='gform_hidden' name='gform_style_settings' data-js='gform_style_settings_4' id='gform_style_settings_4' value='[]' \/>\n            <input type='hidden' class='gform_hidden' name='is_submit_4' value='1' \/>\n            <input type='hidden' class='gform_hidden' name='gform_submit' value='4' \/>\n            \n            <input type='hidden' class='gform_hidden' name='gform_currency' data-currency='USD' value='KmBZY8qzBACCFgmIHAQmsQpudCWDxC9huQtcOxivltL8nlSWzEHp\/qgyqluzePIBkoqP+HX0\/GeSsevF0Ta0TFZxfZ9MaC1AvQATKwx1oMLdyyg=' \/>\n            <input type='hidden' class='gform_hidden' name='gform_unique_id' value='' \/>\n            <input type='hidden' class='gform_hidden' name='state_4' value='WyJbXSIsIjg0MWQyYTI4M2VkZjliNmVmNTVhNjZmZDIzNzUzZWM5Il0=' \/>\n            <input type='hidden' autocomplete='off' class='gform_hidden' name='gform_target_page_number_4' id='gform_target_page_number_4' value='0' \/>\n            <input type='hidden' autocomplete='off' class='gform_hidden' name='gform_source_page_number_4' id='gform_source_page_number_4' value='1' \/>\n            <input type='hidden' name='gform_field_values' value='' \/>\n            \n        <\/div>\n                        <p style=\"display: none !important;\" class=\"akismet-fields-container\" data-prefix=\"ak_\"><label>&#916;<textarea name=\"ak_hp_textarea\" cols=\"45\" rows=\"8\" maxlength=\"100\"><\/textarea><\/label><input type=\"hidden\" id=\"ak_js_1\" name=\"ak_js\" value=\"156\"\/><script>document.getElementById( \"ak_js_1\" ).setAttribute( \"value\", ( new Date() ).getTime() );<\/script><\/p><\/form>\n                        <\/div>\n\t\t                <iframe style='display:none;width:0px;height:0px;' src='about:blank' name='gform_ajax_frame_4' id='gform_ajax_frame_4' title='Este iframe contiene la l\u00f3gica necesaria para gestionar formularios con ajax activado.'><\/iframe>\n\t\t                <script type=\"text\/javascript\">\n\/* <![CDATA[ *\/\n gform.initializeOnLoaded( function() {gformInitSpinner( 4, 'https:\/\/cspregnancycenter.com\/wp-content\/plugins\/gravityforms\/images\/spinner.svg', true );jQuery('#gform_ajax_frame_4').on('load',function(){var contents = jQuery(this).contents().find('*').html();var is_postback = contents.indexOf('GF_AJAX_POSTBACK') >= 0;if(!is_postback){return;}var form_content = jQuery(this).contents().find('#gform_wrapper_4');var is_confirmation = jQuery(this).contents().find('#gform_confirmation_wrapper_4').length > 0;var is_redirect = contents.indexOf('gformRedirect(){') >= 0;var is_form = form_content.length > 0 && ! is_redirect && ! is_confirmation;var mt = parseInt(jQuery('html').css('margin-top'), 10) + parseInt(jQuery('body').css('margin-top'), 10) + 100;if(is_form){jQuery('#gform_wrapper_4').html(form_content.html());if(form_content.hasClass('gform_validation_error')){jQuery('#gform_wrapper_4').addClass('gform_validation_error');} else {jQuery('#gform_wrapper_4').removeClass('gform_validation_error');}setTimeout( function() { \/* delay the scroll by 50 milliseconds to fix a bug in chrome *\/ jQuery(document).scrollTop(jQuery('#gform_wrapper_4').offset().top - mt); }, 50 );if(window['gformInitDatepicker']) {gformInitDatepicker();}if(window['gformInitPriceFields']) {gformInitPriceFields();}var current_page = jQuery('#gform_source_page_number_4').val();gformInitSpinner( 4, 'https:\/\/cspregnancycenter.com\/wp-content\/plugins\/gravityforms\/images\/spinner.svg', true );jQuery(document).trigger('gform_page_loaded', [4, current_page]);window['gf_submitting_4'] = false;}else if(!is_redirect){var confirmation_content = jQuery(this).contents().find('.GF_AJAX_POSTBACK').html();if(!confirmation_content){confirmation_content = contents;}jQuery('#gform_wrapper_4').replaceWith(confirmation_content);jQuery(document).scrollTop(jQuery('#gf_4').offset().top - mt);jQuery(document).trigger('gform_confirmation_loaded', [4]);window['gf_submitting_4'] = false;wp.a11y.speak(jQuery('#gform_confirmation_message_4').text());}else{jQuery('#gform_4').append(contents);if(window['gformRedirect']) {gformRedirect();}}jQuery(document).trigger(\"gform_pre_post_render\", [{ formId: \"4\", currentPage: \"current_page\", abort: function() { this.preventDefault(); } }]);        if (event && event.defaultPrevented) {                return;        }        const gformWrapperDiv = document.getElementById( \"gform_wrapper_4\" );        if ( gformWrapperDiv ) {            const visibilitySpan = document.createElement( \"span\" );            visibilitySpan.id = \"gform_visibility_test_4\";            gformWrapperDiv.insertAdjacentElement( \"afterend\", visibilitySpan );        }        const visibilityTestDiv = document.getElementById( \"gform_visibility_test_4\" );        let postRenderFired = false;        function triggerPostRender() {            if ( postRenderFired ) {                return;            }            postRenderFired = true;            gform.core.triggerPostRenderEvents( 4, current_page );            if ( visibilityTestDiv ) {                visibilityTestDiv.parentNode.removeChild( visibilityTestDiv );            }        }        function debounce( func, wait, immediate ) {            var timeout;            return function() {                var context = this, args = arguments;                var later = function() {                    timeout = null;                    if ( !immediate ) func.apply( context, args );                };                var callNow = immediate && !timeout;                clearTimeout( timeout );                timeout = setTimeout( later, wait );                if ( callNow ) func.apply( context, args );            };        }        const debouncedTriggerPostRender = debounce( function() {            triggerPostRender();        }, 200 );        if ( visibilityTestDiv && visibilityTestDiv.offsetParent === null ) {            const observer = new MutationObserver( ( mutations ) => {                mutations.forEach( ( mutation ) => {                    if ( mutation.type === 'attributes' && visibilityTestDiv.offsetParent !== null ) {                        debouncedTriggerPostRender();                        observer.disconnect();                    }                });            });            observer.observe( document.body, {                attributes: true,                childList: false,                subtree: true,                attributeFilter: [ 'style', 'class' ],            });        } else {            triggerPostRender();        }    } );} ); \n\/* ]]> *\/\n<\/script>\n","protected":false},"excerpt":{"rendered":"<p>&#13; \u00a1Puede con esto, mam\u00e1! &#13; &#13; El programa de crianza Maternidad est\u00e1 aqu\u00ed para apoyarle en cada paso del camino mientras se convierte en una madre segura y empoderada. &#13; &#13; Qu\u00e9 esperar: &#13; &#13; \u00a1Gane art\u00edculos de la Boutique del Beb\u00e9 por completar las lecciones! &#13; &#13; \u00abCuando me enter\u00e9 de que estaba<\/p>\n","protected":false},"author":1,"featured_media":0,"parent":0,"menu_order":0,"comment_status":"closed","ping_status":"closed","template":"","meta":{"_acf_changed":false,"footnotes":""},"class_list":["post-2405","page","type-page","status-publish","hentry"],"acf":[],"yoast_head":"<!-- This site is optimized with the Yoast SEO plugin v27.3 - https:\/\/yoast.com\/product\/yoast-seo-wordpress\/ -->\n<title>Maternidad | Colorado Springs Pregnancy Center | CO<\/title>\n<meta name=\"description\" content=\"Read about Maternidad. Colorado Springs Pregnancy Center provides free services for pregnant women.\" \/>\n<meta name=\"robots\" content=\"index, follow, max-snippet:-1, max-image-preview:large, max-video-preview:-1\" \/>\n<link rel=\"canonical\" href=\"https:\/\/cspregnancycenter.com\/es\/maternidad\/\" \/>\n<meta property=\"og:locale\" content=\"es_ES\" \/>\n<meta property=\"og:type\" content=\"article\" \/>\n<meta property=\"og:title\" content=\"Maternidad | Colorado Springs Pregnancy Center | CO\" \/>\n<meta property=\"og:description\" content=\"Read about Maternidad. Colorado Springs Pregnancy Center provides free services for pregnant women.\" \/>\n<meta property=\"og:url\" content=\"https:\/\/cspregnancycenter.com\/es\/maternidad\/\" \/>\n<meta property=\"og:site_name\" content=\"Colorado Springs Pregnancy Center\" \/>\n<meta property=\"article:modified_time\" content=\"2026-03-25T18:39:51+00:00\" \/>\n<meta name=\"twitter:card\" content=\"summary_large_image\" \/>\n<meta name=\"twitter:label1\" content=\"Tiempo de lectura\" \/>\n\t<meta name=\"twitter:data1\" content=\"1 minuto\" \/>\n<!-- \/ Yoast SEO plugin. -->","yoast_head_json":{"title":"Maternidad | Colorado Springs Pregnancy Center | CO","description":"Read about Maternidad. Colorado Springs Pregnancy Center provides free services for pregnant women.","robots":{"index":"index","follow":"follow","max-snippet":"max-snippet:-1","max-image-preview":"max-image-preview:large","max-video-preview":"max-video-preview:-1"},"canonical":"https:\/\/cspregnancycenter.com\/es\/maternidad\/","og_locale":"es_ES","og_type":"article","og_title":"Maternidad | Colorado Springs Pregnancy Center | CO","og_description":"Read about Maternidad. Colorado Springs Pregnancy Center provides free services for pregnant women.","og_url":"https:\/\/cspregnancycenter.com\/es\/maternidad\/","og_site_name":"Colorado Springs Pregnancy Center","article_modified_time":"2026-03-25T18:39:51+00:00","twitter_card":"summary_large_image","twitter_misc":{"Tiempo de lectura":"1 minuto"},"schema":{"@context":"https:\/\/schema.org","@graph":[{"@type":"WebPage","@id":"https:\/\/cspregnancycenter.com\/es\/maternidad\/","url":"https:\/\/cspregnancycenter.com\/es\/maternidad\/","name":"Maternidad | Colorado Springs Pregnancy Center | CO","isPartOf":{"@id":"https:\/\/cspregnancycenter.com\/es\/#website"},"datePublished":"2022-08-08T22:09:07+00:00","dateModified":"2026-03-25T18:39:51+00:00","description":"Read about Maternidad. Colorado Springs Pregnancy Center provides free services for pregnant women.","breadcrumb":{"@id":"https:\/\/cspregnancycenter.com\/es\/maternidad\/#breadcrumb"},"inLanguage":"es","potentialAction":[{"@type":"ReadAction","target":["https:\/\/cspregnancycenter.com\/es\/maternidad\/"]}]},{"@type":"BreadcrumbList","@id":"https:\/\/cspregnancycenter.com\/es\/maternidad\/#breadcrumb","itemListElement":[{"@type":"ListItem","position":1,"name":"Home","item":"https:\/\/cspregnancycenter.com\/es\/"},{"@type":"ListItem","position":2,"name":"Maternidad"}]},{"@type":"WebSite","@id":"https:\/\/cspregnancycenter.com\/es\/#website","url":"https:\/\/cspregnancycenter.com\/es\/","name":"Colorado Springs Pregnancy Center","description":"","publisher":{"@id":"https:\/\/cspregnancycenter.com\/es\/#organization"},"potentialAction":[{"@type":"SearchAction","target":{"@type":"EntryPoint","urlTemplate":"https:\/\/cspregnancycenter.com\/es\/?s={search_term_string}"},"query-input":{"@type":"PropertyValueSpecification","valueRequired":true,"valueName":"search_term_string"}}],"inLanguage":"es"},{"@type":"Organization","@id":"https:\/\/cspregnancycenter.com\/es\/#organization","name":"Centro de Embarazo de Colorado Springs","url":"https:\/\/cspregnancycenter.com\/es\/","logo":{"@type":"ImageObject","inLanguage":"es","@id":"https:\/\/cspregnancycenter.com\/es\/#\/schema\/logo\/image\/","url":"https:\/\/cspregnancycenter.com\/wp-content\/uploads\/2022\/04\/logo-1-1.png","contentUrl":"https:\/\/cspregnancycenter.com\/wp-content\/uploads\/2022\/04\/logo-1-1.png","width":434,"height":115,"caption":"Centro de Embarazo de Colorado Springs"},"image":{"@id":"https:\/\/cspregnancycenter.com\/es\/#\/schema\/logo\/image\/"}}]}},"_links":{"self":[{"href":"https:\/\/cspregnancycenter.com\/es\/wp-json\/wp\/v2\/pages\/2405","targetHints":{"allow":["GET"]}}],"collection":[{"href":"https:\/\/cspregnancycenter.com\/es\/wp-json\/wp\/v2\/pages"}],"about":[{"href":"https:\/\/cspregnancycenter.com\/es\/wp-json\/wp\/v2\/types\/page"}],"author":[{"embeddable":true,"href":"https:\/\/cspregnancycenter.com\/es\/wp-json\/wp\/v2\/users\/1"}],"replies":[{"embeddable":true,"href":"https:\/\/cspregnancycenter.com\/es\/wp-json\/wp\/v2\/comments?post=2405"}],"version-history":[{"count":2,"href":"https:\/\/cspregnancycenter.com\/es\/wp-json\/wp\/v2\/pages\/2405\/revisions"}],"predecessor-version":[{"id":2801,"href":"https:\/\/cspregnancycenter.com\/es\/wp-json\/wp\/v2\/pages\/2405\/revisions\/2801"}],"wp:attachment":[{"href":"https:\/\/cspregnancycenter.com\/es\/wp-json\/wp\/v2\/media?parent=2405"}],"curies":[{"name":"wp","href":"https:\/\/api.w.org\/{rel}","templated":true}]}}