{"id":2402,"date":"2023-01-30T09:34:56","date_gmt":"2023-01-30T09:34:56","guid":{"rendered":"https:\/\/cspregnancycenter.com\/encuentros-de-mamas\/"},"modified":"2025-12-03T06:50:51","modified_gmt":"2025-12-03T06:50:51","slug":"encuentros-de-mamas","status":"publish","type":"page","link":"https:\/\/cspregnancycenter.com\/es\/encuentros-de-mamas\/","title":{"rendered":"Encuentros de mam\u00e1s"},"content":{"rendered":"&#13;\n<figure class=\"wp-block-image size-large\"><img decoding=\"async\" class=\"wp-image-1751\" src=\"https:\/\/cspregnancycenter.com\/wp-content\/uploads\/2023\/01\/momma-meet-ups-6-&#xD7;-2-in-2-1024x341.jpg\" alt=\"\"\/><\/figure>&#13;\n&#13;\n<h2 class=\"wp-block-heading\">\u00bfQu\u00e9 son los encuentros de mam\u00e1s?<\/h2>&#13;\n&#13;\n<p>Los encuentros de mam\u00e1s son una oportunidad para que nuestras mam\u00e1s con ni\u00f1os de 2 a\u00f1os o menos se conecten socialmente durante el almuerzo o (si el tiempo lo permite) en un parque.<\/p>&#13;\n&#13;\n<h2 class=\"wp-block-heading\">\u00bfCu\u00e1ndo?<\/h2>&#13;\n&#13;\n<p>Cada tercer mi\u00e9rcoles del mes<\/p>&#13;\n&#13;\n<h2 class=\"wp-block-heading\">Qu\u00e9 traer<\/h2>&#13;\n&#13;\n<p>\u00a1A vosotras mismas! Los ni\u00f1os son bienvenidos, pero no se proporciona cuidado infantil. <\/p>&#13;\n&#13;\n<h2 class=\"wp-block-heading\">Pr\u00f3ximas fechas y ubicaciones<\/h2>&#13;\n&#13;\n<ul class=\"wp-block-list\">&#13;\n<li><strong>Mi\u00e9rcoles, 19 de junio: 17:00-18:30, <span class=\"OYPEnA text-decoration-none text-strikethrough-none\">Patio trasero del Centro de Embarazo de Westside (3925 Centennial Blvd.)<\/span><\/strong><\/li>&#13;\n<\/ul>&#13;\n<p><img decoding=\"async\" class=\"alignnone size-medium wp-image-2015 aligncenter\" src=\"https:\/\/cspregnancycenter.com\/wp-content\/uploads\/2024\/06\/June-Momma-Meetup-194x300.png\" alt=\"\" width=\"194\" height=\"300\" srcset=\"https:\/\/cspregnancycenter.com\/wp-content\/uploads\/2024\/06\/June-Momma-Meetup-194x300.png 194w, https:\/\/cspregnancycenter.com\/wp-content\/uploads\/2024\/06\/June-Momma-Meetup-663x1024.png 663w, https:\/\/cspregnancycenter.com\/wp-content\/uploads\/2024\/06\/June-Momma-Meetup-768x1187.png 768w, https:\/\/cspregnancycenter.com\/wp-content\/uploads\/2024\/06\/June-Momma-Meetup-994x1536.png 994w, https:\/\/cspregnancycenter.com\/wp-content\/uploads\/2024\/06\/June-Momma-Meetup-78x120.png 78w, https:\/\/cspregnancycenter.com\/wp-content\/uploads\/2024\/06\/June-Momma-Meetup.png 1294w\" sizes=\"(max-width: 194px) 100vw, 194px\" \/><\/p>&#13;\n<p>\u00a0<\/p>&#13;\n&#13;\n<h2 class=\"wp-block-heading\">\u00bfPreguntas?<\/h2>&#13;\n&#13;\n<p><strong>Para confirmar su asistencia o hacer preguntas, por favor llame al: 719-355-1166<\/strong><\/p>&#13;\n","protected":false},"excerpt":{"rendered":"<p>&#13; \u00bfQu\u00e9 son los encuentros de mam\u00e1s? &#13; &#13; Los encuentros de mam\u00e1s son una oportunidad para que nuestras mam\u00e1s con ni\u00f1os de 2 a\u00f1os o menos se conecten socialmente durante el almuerzo o (si el tiempo lo permite) en un parque. &#13; &#13; \u00bfCu\u00e1ndo? &#13; &#13; Cada tercer mi\u00e9rcoles del mes &#13; &#13; Qu\u00e9<\/p>\n","protected":false},"author":2,"featured_media":0,"parent":0,"menu_order":0,"comment_status":"closed","ping_status":"closed","template":"","meta":{"_acf_changed":false,"footnotes":""},"class_list":["post-2402","page","type-page","status-publish","hentry"],"acf":[],"yoast_head":"<!-- This site is optimized with the Yoast SEO plugin v27.3 - https:\/\/yoast.com\/product\/yoast-seo-wordpress\/ -->\n<title>Encuentros de mam\u00e1s | Colorado Springs Pregnancy Center | CO<\/title>\n<meta name=\"description\" content=\"Read about Encuentros de mam\u00e1s. Colorado Springs Pregnancy Center provides free services for pregnant women.\" \/>\n<meta name=\"robots\" content=\"index, follow, max-snippet:-1, max-image-preview:large, max-video-preview:-1\" \/>\n<link rel=\"canonical\" href=\"https:\/\/cspregnancycenter.com\/es\/encuentros-de-mamas\/\" \/>\n<meta property=\"og:locale\" content=\"es_ES\" \/>\n<meta property=\"og:type\" content=\"article\" \/>\n<meta property=\"og:title\" content=\"Encuentros de mam\u00e1s | Colorado Springs Pregnancy Center | CO\" \/>\n<meta property=\"og:description\" content=\"Read about Encuentros de mam\u00e1s. Colorado Springs Pregnancy Center provides free services for pregnant women.\" \/>\n<meta property=\"og:url\" content=\"https:\/\/cspregnancycenter.com\/es\/encuentros-de-mamas\/\" \/>\n<meta property=\"og:site_name\" content=\"Colorado Springs Pregnancy Center\" \/>\n<meta property=\"article:modified_time\" content=\"2025-12-03T06:50:51+00:00\" \/>\n<meta property=\"og:image\" content=\"https:\/\/cspregnancycenter.com\/wp-content\/uploads\/2023\/01\/momma-meet-ups-6-&#xD7;-2-in-2-1024x341.jpg\" \/>\n<meta name=\"twitter:card\" content=\"summary_large_image\" \/>\n<meta name=\"twitter:label1\" content=\"Tiempo de lectura\" \/>\n\t<meta name=\"twitter:data1\" content=\"1 minuto\" \/>\n<!-- \/ Yoast SEO plugin. -->","yoast_head_json":{"title":"Encuentros de mam\u00e1s | Colorado Springs Pregnancy Center | CO","description":"Read about Encuentros de mam\u00e1s. Colorado Springs Pregnancy Center provides free services for pregnant women.","robots":{"index":"index","follow":"follow","max-snippet":"max-snippet:-1","max-image-preview":"max-image-preview:large","max-video-preview":"max-video-preview:-1"},"canonical":"https:\/\/cspregnancycenter.com\/es\/encuentros-de-mamas\/","og_locale":"es_ES","og_type":"article","og_title":"Encuentros de mam\u00e1s | Colorado Springs Pregnancy Center | CO","og_description":"Read about Encuentros de mam\u00e1s. Colorado Springs Pregnancy Center provides free services for pregnant women.","og_url":"https:\/\/cspregnancycenter.com\/es\/encuentros-de-mamas\/","og_site_name":"Colorado Springs Pregnancy Center","article_modified_time":"2025-12-03T06:50:51+00:00","og_image":[{"url":"https:\/\/cspregnancycenter.com\/wp-content\/uploads\/2023\/01\/momma-meet-ups-6-&#xD7;-2-in-2-1024x341.jpg","type":"","width":"","height":""}],"twitter_card":"summary_large_image","twitter_misc":{"Tiempo de lectura":"1 minuto"},"schema":{"@context":"https:\/\/schema.org","@graph":[{"@type":"WebPage","@id":"https:\/\/cspregnancycenter.com\/es\/encuentros-de-mamas\/","url":"https:\/\/cspregnancycenter.com\/es\/encuentros-de-mamas\/","name":"Encuentros de mam\u00e1s | Colorado Springs Pregnancy Center | CO","isPartOf":{"@id":"https:\/\/cspregnancycenter.com\/es\/#website"},"primaryImageOfPage":{"@id":"https:\/\/cspregnancycenter.com\/es\/encuentros-de-mamas\/#primaryimage"},"image":{"@id":"https:\/\/cspregnancycenter.com\/es\/encuentros-de-mamas\/#primaryimage"},"thumbnailUrl":"https:\/\/cspregnancycenter.com\/wp-content\/uploads\/2023\/01\/momma-meet-ups-6-&#xD7;-2-in-2-1024x341.jpg","datePublished":"2023-01-30T09:34:56+00:00","dateModified":"2025-12-03T06:50:51+00:00","description":"Read about Encuentros de mam\u00e1s. Colorado Springs Pregnancy Center provides free services for pregnant women.","breadcrumb":{"@id":"https:\/\/cspregnancycenter.com\/es\/encuentros-de-mamas\/#breadcrumb"},"inLanguage":"es","potentialAction":[{"@type":"ReadAction","target":["https:\/\/cspregnancycenter.com\/es\/encuentros-de-mamas\/"]}]},{"@type":"ImageObject","inLanguage":"es","@id":"https:\/\/cspregnancycenter.com\/es\/encuentros-de-mamas\/#primaryimage","url":"https:\/\/cspregnancycenter.com\/wp-content\/uploads\/2023\/01\/momma-meet-ups-6-&#xD7;-2-in-2-1024x341.jpg","contentUrl":"https:\/\/cspregnancycenter.com\/wp-content\/uploads\/2023\/01\/momma-meet-ups-6-&#xD7;-2-in-2-1024x341.jpg"},{"@type":"BreadcrumbList","@id":"https:\/\/cspregnancycenter.com\/es\/encuentros-de-mamas\/#breadcrumb","itemListElement":[{"@type":"ListItem","position":1,"name":"Home","item":"https:\/\/cspregnancycenter.com\/es\/"},{"@type":"ListItem","position":2,"name":"Encuentros de mam\u00e1s"}]},{"@type":"WebSite","@id":"https:\/\/cspregnancycenter.com\/es\/#website","url":"https:\/\/cspregnancycenter.com\/es\/","name":"Colorado Springs Pregnancy Center","description":"","publisher":{"@id":"https:\/\/cspregnancycenter.com\/es\/#organization"},"potentialAction":[{"@type":"SearchAction","target":{"@type":"EntryPoint","urlTemplate":"https:\/\/cspregnancycenter.com\/es\/?s={search_term_string}"},"query-input":{"@type":"PropertyValueSpecification","valueRequired":true,"valueName":"search_term_string"}}],"inLanguage":"es"},{"@type":"Organization","@id":"https:\/\/cspregnancycenter.com\/es\/#organization","name":"Centro de Embarazo de Colorado Springs","url":"https:\/\/cspregnancycenter.com\/es\/","logo":{"@type":"ImageObject","inLanguage":"es","@id":"https:\/\/cspregnancycenter.com\/es\/#\/schema\/logo\/image\/","url":"https:\/\/cspregnancycenter.com\/wp-content\/uploads\/2022\/04\/logo-1-1.png","contentUrl":"https:\/\/cspregnancycenter.com\/wp-content\/uploads\/2022\/04\/logo-1-1.png","width":434,"height":115,"caption":"Centro de Embarazo de Colorado Springs"},"image":{"@id":"https:\/\/cspregnancycenter.com\/es\/#\/schema\/logo\/image\/"}}]}},"_links":{"self":[{"href":"https:\/\/cspregnancycenter.com\/es\/wp-json\/wp\/v2\/pages\/2402","targetHints":{"allow":["GET"]}}],"collection":[{"href":"https:\/\/cspregnancycenter.com\/es\/wp-json\/wp\/v2\/pages"}],"about":[{"href":"https:\/\/cspregnancycenter.com\/es\/wp-json\/wp\/v2\/types\/page"}],"author":[{"embeddable":true,"href":"https:\/\/cspregnancycenter.com\/es\/wp-json\/wp\/v2\/users\/2"}],"replies":[{"embeddable":true,"href":"https:\/\/cspregnancycenter.com\/es\/wp-json\/wp\/v2\/comments?post=2402"}],"version-history":[{"count":0,"href":"https:\/\/cspregnancycenter.com\/es\/wp-json\/wp\/v2\/pages\/2402\/revisions"}],"wp:attachment":[{"href":"https:\/\/cspregnancycenter.com\/es\/wp-json\/wp\/v2\/media?parent=2402"}],"curies":[{"name":"wp","href":"https:\/\/api.w.org\/{rel}","templated":true}]}}