{"id":2400,"date":"2024-01-18T09:42:22","date_gmt":"2024-01-18T09:42:22","guid":{"rendered":"https:\/\/cspregnancycenter.com\/la-pildora-abortiva\/"},"modified":"2025-12-03T06:50:50","modified_gmt":"2025-12-03T06:50:50","slug":"la-pildora-abortiva","status":"publish","type":"page","link":"https:\/\/cspregnancycenter.com\/es\/opciones-de-embarazo\/aborto\/la-pildora-abortiva\/","title":{"rendered":"La p\u00edldora abortiva"},"content":{"rendered":"\n<p>Inf\u00f3rmese sobre las directrices para el uso de este m\u00e9todo de aborto.<\/p>\n\n<h2 class=\"wp-block-heading\">\u00bfEst\u00e1 considerando la p\u00edldora abortiva?<\/h2>\n\n<p>Aunque tomar medicamentos para interrumpir un embarazo parece una soluci\u00f3n r\u00e1pida y sencilla, existen directrices recomendadas que debe seguir para proteger su salud. Inf\u00f3rmese sobre los requisitos de seguridad, los efectos secundarios y los posibles riesgos para saber qu\u00e9 esperar de antemano. <\/p>\n\n<h2 class=\"wp-block-heading\">\u00bfSe ha sometido a una evaluaci\u00f3n m\u00e9dica previa al aborto?<\/h2>\n\n<p>El aborto es una decisi\u00f3n m\u00e9dica seria que debe considerar cuidadosamente. <a href=\"https:\/\/www.mayoclinic.org\/tests-procedures\/medical-abortion\/about\/pac-20394687\" data-wpel-link=\"external\" target=\"_blank\" rel=\"nofollow external noopener noreferrer\">Los expertos<\/a> recomiendan visitar primero a un proveedor de atenci\u00f3n m\u00e9dica para hablar de lo siguiente:<br\/><\/p>\n\n<ul class=\"wp-block-list\">\n<li>Evaluar su historial m\u00e9dico y su salud f\u00edsica y mental en general<\/li>\n\n\n\n<li>Confirmar su embarazo<\/li>\n\n\n\n<li>Hacer una ecograf\u00eda<\/li>\n\n\n\n<li>Hacer an\u00e1lisis de sangre u orina<\/li>\n\n\n\n<li>Explicar el procedimiento, los efectos secundarios, los posibles riesgos y las complicaciones <\/li>\n<\/ul>\n\n<h2 class=\"wp-block-heading\">Obtenga una evaluaci\u00f3n m\u00e9dica previa al aborto sin costo alguno para usted<\/h2>\n\n<p>El Centro de Embarazo de Colorado Springs ofrece un <a href=\"https:\/\/cspregnancycenter.com\/es\/services\/examen-medico-antes-de-un-aborto\/\" data-wpel-link=\"internal\">examen m\u00e9dico gratuito<\/a>. Antes de considerar la p\u00edldora abortiva, reciba lo siguiente:<\/p>\n\n<h3 class=\"wp-block-heading\">Prueba de embarazo gratuita con calidad de laboratorio <\/h3>\n\n<p>\u00bfSe ha hecho una prueba de embarazo casera? Es esencial hacerse m\u00e1s de una prueba. Un profesional m\u00e9dico administra nuestras pruebas de embarazo para que pueda confiar en los resultados.  <\/p>\n\n<h3 class=\"wp-block-heading\">Ecograf\u00eda obst\u00e9trica limitada y gratuita<\/h3>\n\n<p>Una ecograf\u00eda verifica si el embarazo es viable. Un embarazo viable significa que est\u00e1 creciendo con un latido card\u00edaco detectable.  <\/p>\n\n<p>El Colegio Estadounidense de Obstetras y Ginec\u00f3logos (<a href=\"https:\/\/www.ncbi.nlm.nih.gov\/books\/NBK532992\/\" data-wpel-link=\"external\" target=\"_blank\" rel=\"nofollow external noopener noreferrer\">ACOG<\/a>) estima que hasta el 26% de todos los embarazos terminan en aborto espont\u00e1neo. No es necesaria la p\u00edldora abortiva si ha sufrido un aborto espont\u00e1neo. La ecograf\u00eda tambi\u00e9n determina en qu\u00e9 punto del embarazo se encuentra y la ubicaci\u00f3n del embarazo.<\/p>\n\n<h3 class=\"wp-block-heading\">Pruebas y tratamiento de ETS gratuitos<\/h3>\n\n<p>La infecci\u00f3n p\u00e9lvica es un riesgo potencial para cualquier tipo de aborto, y la presencia de una infecci\u00f3n aumenta el riesgo de complicaciones m\u00e1s graves. <\/p>\n\n<p>Ofrecemos pruebas gratuitas de ETS para clamidia, gonorrea y anticuerpos contra el VIH. Adem\u00e1s, proporcionamos tratamiento gratuito para la clamidia y la gonorrea. <\/p>\n\n<h2 class=\"wp-block-heading\">\u00bfEs usted elegible para la p\u00edldora abortiva?<\/h2>\n\n<p>Existen limitaciones sobre qui\u00e9n puede usar el m\u00e9todo de la p\u00edldora abortiva. S\u00edgalas cuidadosamente para proteger su salud. No intente este tipo de aborto por las siguientes razones:  <\/p>\n\n<ul class=\"wp-block-list\">\n<li>Est\u00e1 demasiado avanzada en su embarazo. La <g id=\"gid_0\">FDA<\/g> aprueba el uso del m\u00e9todo de la p\u00edldora abortiva solo hasta las 10 semanas de gestaci\u00f3n (70 d\u00edas desde el primer d\u00eda de su \u00faltimo per\u00edodo menstrual). La <a href=\"https:\/\/www.mayoclinic.org\/tests-procedures\/medical-abortion\/about\/pac-20394687\" data-wpel-link=\"external\" target=\"_blank\" rel=\"nofollow external noopener noreferrer\">Cl\u00ednica Mayo<\/a> sugiere no intentar esta forma de aborto despu\u00e9s de nueve semanas (56 d\u00edas).  <\/li>\n\n\n\n<li>Tiene un dispositivo intrauterino (DIU) colocado.<\/li>\n\n\n\n<li>Tiene sospecha de embarazo ect\u00f3pico (un embarazo que se ha formado fuera del \u00fatero, que se diagnostica mediante ecograf\u00eda)<\/li>\n\n\n\n<li>Tiene ciertas afecciones m\u00e9dicas, como un trastorno hemorr\u00e1gico o una enfermedad card\u00edaca, hep\u00e1tica, renal o pulmonar.<\/li>\n\n\n\n<li>Toma un anticoagulante o medicamentos esteroides espec\u00edficos.<\/li>\n\n\n\n<li>Tiene alergia a los medicamentos utilizados.<\/li>\n\n\n\n<li>No puede hacer visitas de seguimiento a su proveedor para asegurarse de que el aborto se ha completado (un aborto incompleto es una posibilidad con este m\u00e9todo).<\/li>\n\n\n\n<li>No tiene acceso a atenci\u00f3n de emergencia.<\/li>\n<\/ul>\n\n<h2 class=\"wp-block-heading\">Riesgos potenciales del uso de la p\u00edldora abortiva<\/h2>\n\n<p>Queremos garantizar su seguridad. Necesita saber qu\u00e9 debe vigilar en caso de complicaciones. Los siguientes son problemas graves que debe tener en cuenta:  <\/p>\n\n<ul class=\"wp-block-list\">\n<li>El sangrado abundante, los co\u00e1gulos de sangre, la fiebre y el dolor p\u00e9lvico son algunos de los s\u00edntomas de un aborto incompleto<\/li>\n\n\n\n<li>Sangrado prolongado: empapar dos o m\u00e1s compresas por hora durante dos horas<\/li>\n\n\n\n<li>Dolor abdominal o de espalda intenso<\/li>\n\n\n\n<li>Fiebre que dura m\u00e1s de 24 horas<\/li>\n\n\n\n<li>Flujo vaginal con mal olor<\/li>\n<\/ul>\n\n<h2 class=\"wp-block-heading\">\u00bfQu\u00e9 debe hacer primero?<\/h2>\n\n<p>La FDA recomienda no pedir medicamentos para la p\u00edldora abortiva en l\u00ednea. Necesita supervisi\u00f3n m\u00e9dica y una evaluaci\u00f3n m\u00e9dica exhaustiva previa al aborto.  <\/p>\n\n<p><a href=\"https:\/\/cspregnancycenter.com\/es\/contacte-con-nosotros\/\" data-wpel-link=\"internal\">P\u00f3ngase en contacto con nosotros<\/a> para programar su evaluaci\u00f3n gratuita previa al aborto y analizar todas sus opciones. Estamos aqu\u00ed para usted.<\/p>\n","protected":false},"excerpt":{"rendered":"<p>Inf\u00f3rmese sobre las directrices para el uso de este m\u00e9todo de aborto. \u00bfEst\u00e1 considerando la p\u00edldora abortiva? Aunque tomar medicamentos para interrumpir un embarazo parece una soluci\u00f3n r\u00e1pida y sencilla, existen directrices recomendadas que debe seguir para proteger su salud. Inf\u00f3rmese sobre los requisitos de seguridad, los efectos secundarios y los posibles riesgos para saber<\/p>\n","protected":false},"author":1,"featured_media":0,"parent":2415,"menu_order":0,"comment_status":"closed","ping_status":"closed","template":"","meta":{"_acf_changed":false,"footnotes":""},"class_list":["post-2400","page","type-page","status-publish","hentry"],"acf":[],"yoast_head":"<!-- This site is optimized with the Yoast SEO plugin v27.4 - https:\/\/yoast.com\/product\/yoast-seo-wordpress\/ -->\n<title>La p\u00edldora abortiva | Colorado Springs Pregnancy Center | CO<\/title>\n<meta name=\"description\" content=\"Read about La p\u00edldora abortiva. Colorado Springs Pregnancy Center provides free services for pregnant women.\" \/>\n<meta name=\"robots\" content=\"index, follow, max-snippet:-1, max-image-preview:large, max-video-preview:-1\" \/>\n<link rel=\"canonical\" href=\"https:\/\/cspregnancycenter.com\/es\/opciones-de-embarazo\/aborto\/la-pildora-abortiva\/\" \/>\n<meta property=\"og:locale\" content=\"es_ES\" \/>\n<meta property=\"og:type\" content=\"article\" \/>\n<meta property=\"og:title\" content=\"La p\u00edldora abortiva | Colorado Springs Pregnancy Center | CO\" \/>\n<meta property=\"og:description\" content=\"Read about La p\u00edldora abortiva. Colorado Springs Pregnancy Center provides free services for pregnant women.\" \/>\n<meta property=\"og:url\" content=\"https:\/\/cspregnancycenter.com\/es\/opciones-de-embarazo\/aborto\/la-pildora-abortiva\/\" \/>\n<meta property=\"og:site_name\" content=\"Colorado Springs Pregnancy Center\" \/>\n<meta property=\"article:modified_time\" content=\"2025-12-03T06:50:50+00:00\" \/>\n<meta name=\"twitter:card\" content=\"summary_large_image\" \/>\n<meta name=\"twitter:label1\" content=\"Tiempo de lectura\" \/>\n\t<meta name=\"twitter:data1\" content=\"4 minutos\" \/>\n<!-- \/ Yoast SEO plugin. -->","yoast_head_json":{"title":"La p\u00edldora abortiva | Colorado Springs Pregnancy Center | CO","description":"Read about La p\u00edldora abortiva. Colorado Springs Pregnancy Center provides free services for pregnant women.","robots":{"index":"index","follow":"follow","max-snippet":"max-snippet:-1","max-image-preview":"max-image-preview:large","max-video-preview":"max-video-preview:-1"},"canonical":"https:\/\/cspregnancycenter.com\/es\/opciones-de-embarazo\/aborto\/la-pildora-abortiva\/","og_locale":"es_ES","og_type":"article","og_title":"La p\u00edldora abortiva | Colorado Springs Pregnancy Center | CO","og_description":"Read about La p\u00edldora abortiva. Colorado Springs Pregnancy Center provides free services for pregnant women.","og_url":"https:\/\/cspregnancycenter.com\/es\/opciones-de-embarazo\/aborto\/la-pildora-abortiva\/","og_site_name":"Colorado Springs Pregnancy Center","article_modified_time":"2025-12-03T06:50:50+00:00","twitter_card":"summary_large_image","twitter_misc":{"Tiempo de lectura":"4 minutos"},"schema":{"@context":"https:\/\/schema.org","@graph":[{"@type":"WebPage","@id":"https:\/\/cspregnancycenter.com\/es\/opciones-de-embarazo\/aborto\/la-pildora-abortiva\/","url":"https:\/\/cspregnancycenter.com\/es\/opciones-de-embarazo\/aborto\/la-pildora-abortiva\/","name":"La p\u00edldora abortiva | Colorado Springs Pregnancy Center | CO","isPartOf":{"@id":"https:\/\/cspregnancycenter.com\/es\/#website"},"datePublished":"2024-01-18T09:42:22+00:00","dateModified":"2025-12-03T06:50:50+00:00","description":"Read about La p\u00edldora abortiva. Colorado Springs Pregnancy Center provides free services for pregnant women.","breadcrumb":{"@id":"https:\/\/cspregnancycenter.com\/es\/opciones-de-embarazo\/aborto\/la-pildora-abortiva\/#breadcrumb"},"inLanguage":"es","potentialAction":[{"@type":"ReadAction","target":["https:\/\/cspregnancycenter.com\/es\/opciones-de-embarazo\/aborto\/la-pildora-abortiva\/"]}]},{"@type":"BreadcrumbList","@id":"https:\/\/cspregnancycenter.com\/es\/opciones-de-embarazo\/aborto\/la-pildora-abortiva\/#breadcrumb","itemListElement":[{"@type":"ListItem","position":1,"name":"Home","item":"https:\/\/cspregnancycenter.com\/es\/"},{"@type":"ListItem","position":2,"name":"Opciones de embarazo","item":"https:\/\/cspregnancycenter.com\/es\/opciones-de-embarazo\/"},{"@type":"ListItem","position":3,"name":"Aborto","item":"https:\/\/cspregnancycenter.com\/es\/opciones-de-embarazo\/aborto\/"},{"@type":"ListItem","position":4,"name":"La p\u00edldora abortiva"}]},{"@type":"WebSite","@id":"https:\/\/cspregnancycenter.com\/es\/#website","url":"https:\/\/cspregnancycenter.com\/es\/","name":"Colorado Springs Pregnancy Center","description":"","publisher":{"@id":"https:\/\/cspregnancycenter.com\/es\/#organization"},"potentialAction":[{"@type":"SearchAction","target":{"@type":"EntryPoint","urlTemplate":"https:\/\/cspregnancycenter.com\/es\/?s={search_term_string}"},"query-input":{"@type":"PropertyValueSpecification","valueRequired":true,"valueName":"search_term_string"}}],"inLanguage":"es"},{"@type":"Organization","@id":"https:\/\/cspregnancycenter.com\/es\/#organization","name":"Centro de Embarazo de Colorado Springs","url":"https:\/\/cspregnancycenter.com\/es\/","logo":{"@type":"ImageObject","inLanguage":"es","@id":"https:\/\/cspregnancycenter.com\/es\/#\/schema\/logo\/image\/","url":"https:\/\/cspregnancycenter.com\/wp-content\/uploads\/2022\/04\/logo-1-1.png","contentUrl":"https:\/\/cspregnancycenter.com\/wp-content\/uploads\/2022\/04\/logo-1-1.png","width":434,"height":115,"caption":"Centro de Embarazo de Colorado Springs"},"image":{"@id":"https:\/\/cspregnancycenter.com\/es\/#\/schema\/logo\/image\/"}}]}},"_links":{"self":[{"href":"https:\/\/cspregnancycenter.com\/es\/wp-json\/wp\/v2\/pages\/2400","targetHints":{"allow":["GET"]}}],"collection":[{"href":"https:\/\/cspregnancycenter.com\/es\/wp-json\/wp\/v2\/pages"}],"about":[{"href":"https:\/\/cspregnancycenter.com\/es\/wp-json\/wp\/v2\/types\/page"}],"author":[{"embeddable":true,"href":"https:\/\/cspregnancycenter.com\/es\/wp-json\/wp\/v2\/users\/1"}],"replies":[{"embeddable":true,"href":"https:\/\/cspregnancycenter.com\/es\/wp-json\/wp\/v2\/comments?post=2400"}],"version-history":[{"count":0,"href":"https:\/\/cspregnancycenter.com\/es\/wp-json\/wp\/v2\/pages\/2400\/revisions"}],"up":[{"embeddable":true,"href":"https:\/\/cspregnancycenter.com\/es\/wp-json\/wp\/v2\/pages\/2415"}],"wp:attachment":[{"href":"https:\/\/cspregnancycenter.com\/es\/wp-json\/wp\/v2\/media?parent=2400"}],"curies":[{"name":"wp","href":"https:\/\/api.w.org\/{rel}","templated":true}]}}