{"id":2398,"date":"2023-04-04T16:28:55","date_gmt":"2023-04-04T16:28:55","guid":{"rendered":"https:\/\/cspregnancycenter.com\/reversion-de-la-pildora-abortiva\/"},"modified":"2025-12-03T06:50:51","modified_gmt":"2025-12-03T06:50:51","slug":"reversion-de-la-pildora-abortiva","status":"publish","type":"page","link":"https:\/\/cspregnancycenter.com\/es\/reversion-de-la-pildora-abortiva\/","title":{"rendered":"Reversi\u00f3n de la p\u00edldora abortiva"},"content":{"rendered":"\n<p>La reversi\u00f3n de la p\u00edldora abortiva (APR, por sus siglas en ingl\u00e9s) es un proceso m\u00e9dico dise\u00f1ado para revertir los efectos de la p\u00edldora abortiva con el fin de continuar el embarazo con \u00e9xito. Tiene una tasa de \u00e9xito aproximada del 68%. <\/p>\n\n<p>Puede ponerse en contacto con la <a href=\"https:\/\/www.abortionpillreversal.com\/\" data-wpel-link=\"external\" target=\"_blank\" rel=\"nofollow external noopener noreferrer\"><strong>l\u00ednea directa de reversi\u00f3n de la p\u00edldora abortiva, disponible las 24 horas del d\u00eda, los 7 d\u00edas de la semana<\/strong><\/a> para comprender sus opciones para comenzar una reversi\u00f3n.<\/p>\n\n<h3 class=\"wp-block-heading\">La p\u00edldora abortiva<\/h3>\n\n<p>La p\u00edldora abortiva, tambi\u00e9n conocida como RU-486, es un proceso de dos pasos que involucra dos medicamentos:<\/p>\n\n<ul class=\"wp-block-list\">\n<li>Mifepristona: est\u00e1 dise\u00f1ada para bloquear la producci\u00f3n de la hormona del crecimiento progesterona en su cuerpo. A menudo denominada la \u00abhormona del embarazo\u00bb, la progesterona es lo que promueve el crecimiento de un feto humano durante todo el embarazo. La mifepristona es el primer f\u00e1rmaco en el m\u00e9todo de la p\u00edldora abortiva.  <\/li>\n\n\n\n<li>Misoprostol: induce calambres, sangrado y contracciones para vaciar el \u00fatero. Para completar el aborto, el misoprostol se toma de 24 a 48 horas despu\u00e9s de la mifepristona. <\/li>\n<\/ul>\n\n<h3 class=\"wp-block-heading\">Mitos sobre la p\u00edldora abortiva<\/h3>\n\n<p><strong>Mito:<\/strong> El uso del m\u00e9todo de la p\u00edldora abortiva no tiene complicaciones conocidas.<br\/><strong>Realidad: <\/strong>Las <a href=\"https:\/\/www.mayoclinic.org\/tests-procedures\/medical-abortion\/about\/pac-20394687\" target=\"_blank\" rel=\"noreferrer noopener nofollow external\" data-wpel-link=\"external\">complicaciones<\/a> pueden incluir aborto incompleto, sangrado abundante y prolongado, infecci\u00f3n, fiebre y escalofr\u00edos.<\/p>\n\n<p><strong>Mito:<\/strong> No necesito que me vea un m\u00e9dico antes de usar la p\u00edldora abortiva.<br\/><strong>Verdad:<\/strong> El m\u00e9todo de la p\u00edldora abortiva est\u00e1 aprobado por la <a href=\"https:\/\/www.fda.gov\/drugs\/postmarket-drug-safety-information-patients-and-providers\/mifeprex-mifepristone-information\" target=\"_blank\" rel=\"noreferrer noopener nofollow external\" data-wpel-link=\"external\">FDA<\/a> solo hasta 70 d\u00edas despu\u00e9s del primer d\u00eda de su \u00faltimo per\u00edodo. Es fundamental conocer la edad gestacional mediante una ecograf\u00eda.<\/p>\n\n<p><strong>Mito: <\/strong>Tomar el segundo f\u00e1rmaco de la p\u00edldora abortiva en casa es perfectamente seguro.<br\/><strong>Verdad:<\/strong> Estar sola mientras se completa el procedimiento le deja adivinando <a href=\"https:\/\/www.uptodate.com\/contents\/abortion-pregnancy-termination-beyond-the-basics?topicRef=8415&amp;source=see_link#H11\" target=\"_blank\" rel=\"noreferrer noopener nofollow external\" data-wpel-link=\"external\">cu\u00e1nto sangrado<\/a> es demasiado o cu\u00e1nto dolor es normal. Ver co\u00e1gulos de sangre y tejido fetal puede ser traumatizante cuando se est\u00e1 sola.<\/p>\n\n<h2 class=\"wp-block-heading\">Reversi\u00f3n de la p\u00edldora abortiva<\/h2>\n\n<p>La reversi\u00f3n de la p\u00edldora abortiva utiliza progesterona para revertir los efectos de la mifepristona. Si se toma progesterona antes de tomar el segundo medicamento, misoprostol, <a href=\"https:\/\/www.heartbeatinternational.org\/hope-and-support\" data-wpel-link=\"external\" target=\"_blank\" rel=\"nofollow external noopener noreferrer\">los datos nacionales de Heartbeat International muestran<\/a> que el embarazo tiene un 68% de posibilidades de continuar. <\/p>\n\n<p>Es mejor comenzar el tratamiento de reversi\u00f3n dentro de las primeras 24 horas despu\u00e9s de tomar mifepristona. Ha habido reversiones exitosas cuando el tratamiento comienza dentro de los 4 a 5 d\u00edas posteriores a la toma de la p\u00edldora abortiva. Puede que no sea demasiado tarde.  <\/p>\n\n<p>La l\u00ednea directa de reversi\u00f3n de la p\u00edldora abortiva, disponible las 24 horas del d\u00eda, los 7 d\u00edas de la semana, en el 1-877-558-0333 o en <a href=\"https:\/\/www.abortionpillreversal.com\/\" data-wpel-link=\"external\" target=\"_blank\" rel=\"nofollow external noopener noreferrer\">su sitio web<\/a>, le ayudar\u00e1 a comprender sus opciones para comenzar el proceso de reversi\u00f3n de la p\u00edldora abortiva.<\/p>\n\n<h3 class=\"wp-block-heading\">Mitos sobre la reversi\u00f3n de la p\u00edldora abortiva<\/h3>\n\n<p><strong>Mito:<\/strong> La reversi\u00f3n de la p\u00edldora abortiva utiliza progesterona, que no es segura.<br\/><strong>Verdad:<\/strong> <a href=\"https:\/\/pubmed.ncbi.nlm.nih.gov\/23191936\/\" target=\"_blank\" rel=\"noreferrer noopener nofollow external\" data-wpel-link=\"external\">La progesterona se ha utilizado<\/a> para apoyar los embarazos durante casi sesenta a\u00f1os. No tiene riesgos conocidos para la salud ni efectos secundarios para la madre o el beb\u00e9, aparte de los generalmente asociados con el embarazo.<\/p>\n\n<p><strong>Mito:<\/strong> No hay vuelta atr\u00e1s una vez que comienza con la p\u00edldora abortiva.<br\/><strong>Realidad: <\/strong>Si la <a href=\"https:\/\/pubmed.ncbi.nlm.nih.gov\/30831017\/\" target=\"_blank\" rel=\"noreferrer noopener nofollow external\" data-wpel-link=\"external\">reversi\u00f3n de la p\u00edldora abortiva<\/a> comienza dentro de las 72 horas posteriores a la toma de la primera p\u00edldora, el embarazo tiene un 68% de posibilidades de continuar.<\/p>\n\n<p><strong>Mito:<\/strong> Un ni\u00f1o nacer\u00e1 con discapacidades cong\u00e9nitas si comienza con la p\u00edldora abortiva y luego intenta revertirla.<br\/><strong>Verdad:<\/strong> <a href=\"https:\/\/americanpregnancy.org\/unplanned-pregnancy\/abortion-pill-reversal\/\" target=\"_blank\" rel=\"noreferrer noopener nofollow external\" data-wpel-link=\"external\">La tasa de defectos de nacimiento<\/a> en beb\u00e9s nacidos despu\u00e9s de la APR es menor o igual a la tasa en la poblaci\u00f3n general. Ni la mifepristona ni la progesterona est\u00e1n asociadas con discapacidades cong\u00e9nitas.<\/p>\n\n<p>Muchas mujeres que toman la p\u00edldora abortiva se arrepienten despu\u00e9s de tomar la primera p\u00edldora (mifepristona). Cambiar de opini\u00f3n es com\u00fan, y no est\u00e1 sola si esta es su experiencia. Hay ayuda disponible, pero el per\u00edodo de tiempo en el que se puede recetar con \u00e9xito la reversi\u00f3n de la p\u00edldora abortiva es corto.  <\/p>\n\n<p>La l\u00ednea directa de reversi\u00f3n de la p\u00edldora abortiva 24\/7 en: 1-877-558-0333 o <a href=\"https:\/\/www.abortionpillreversal.com\/\" data-wpel-link=\"external\" target=\"_blank\" rel=\"nofollow external noopener noreferrer\"><strong>su sitio web<\/strong><\/a> le ayudar\u00e1 a comprender sus opciones para comenzar una reversi\u00f3n segura de la APR. Es m\u00e1s probable que un proceso de reversi\u00f3n tenga \u00e9xito si comienza el procedimiento lo antes posible despu\u00e9s de tomar la primera p\u00edldora abortiva.<\/p>\n\n<p><em>Se ha demostrado que la APR aumenta las posibilidades de permitir que el embarazo contin\u00fae. Sin embargo, no se puede garantizar el resultado de su intento de reversi\u00f3n. <\/em><\/p>\n","protected":false},"excerpt":{"rendered":"<p>La reversi\u00f3n de la p\u00edldora abortiva (APR, por sus siglas en ingl\u00e9s) es un proceso m\u00e9dico dise\u00f1ado para revertir los efectos de la p\u00edldora abortiva con el fin de continuar el embarazo con \u00e9xito. Tiene una tasa de \u00e9xito aproximada del 68%. Puede ponerse en contacto con la l\u00ednea directa de reversi\u00f3n de la p\u00edldora<\/p>\n","protected":false},"author":1,"featured_media":0,"parent":0,"menu_order":0,"comment_status":"closed","ping_status":"closed","template":"","meta":{"_acf_changed":false,"footnotes":""},"class_list":["post-2398","page","type-page","status-publish","hentry"],"acf":[],"yoast_head":"<!-- This site is optimized with the Yoast SEO plugin v27.3 - https:\/\/yoast.com\/product\/yoast-seo-wordpress\/ -->\n<title>Reversi\u00f3n de la p\u00edldora abortiva | Colorado Springs Pregnancy Center | CO<\/title>\n<meta name=\"description\" content=\"Read about Reversi\u00f3n de la p\u00edldora abortiva. Colorado Springs Pregnancy Center provides free services for pregnant women.\" \/>\n<meta name=\"robots\" content=\"index, follow, max-snippet:-1, max-image-preview:large, max-video-preview:-1\" \/>\n<link rel=\"canonical\" href=\"https:\/\/cspregnancycenter.com\/es\/reversion-de-la-pildora-abortiva\/\" \/>\n<meta property=\"og:locale\" content=\"es_ES\" \/>\n<meta property=\"og:type\" content=\"article\" \/>\n<meta property=\"og:title\" content=\"Reversi\u00f3n de la p\u00edldora abortiva | Colorado Springs Pregnancy Center | CO\" \/>\n<meta property=\"og:description\" content=\"Read about Reversi\u00f3n de la p\u00edldora abortiva. Colorado Springs Pregnancy Center provides free services for pregnant women.\" \/>\n<meta property=\"og:url\" content=\"https:\/\/cspregnancycenter.com\/es\/reversion-de-la-pildora-abortiva\/\" \/>\n<meta property=\"og:site_name\" content=\"Colorado Springs Pregnancy Center\" \/>\n<meta property=\"article:modified_time\" content=\"2025-12-03T06:50:51+00:00\" \/>\n<meta name=\"twitter:card\" content=\"summary_large_image\" \/>\n<meta name=\"twitter:label1\" content=\"Tiempo de lectura\" \/>\n\t<meta name=\"twitter:data1\" content=\"4 minutos\" \/>\n<!-- \/ Yoast SEO plugin. -->","yoast_head_json":{"title":"Reversi\u00f3n de la p\u00edldora abortiva | Colorado Springs Pregnancy Center | CO","description":"Read about Reversi\u00f3n de la p\u00edldora abortiva. Colorado Springs Pregnancy Center provides free services for pregnant women.","robots":{"index":"index","follow":"follow","max-snippet":"max-snippet:-1","max-image-preview":"max-image-preview:large","max-video-preview":"max-video-preview:-1"},"canonical":"https:\/\/cspregnancycenter.com\/es\/reversion-de-la-pildora-abortiva\/","og_locale":"es_ES","og_type":"article","og_title":"Reversi\u00f3n de la p\u00edldora abortiva | Colorado Springs Pregnancy Center | CO","og_description":"Read about Reversi\u00f3n de la p\u00edldora abortiva. Colorado Springs Pregnancy Center provides free services for pregnant women.","og_url":"https:\/\/cspregnancycenter.com\/es\/reversion-de-la-pildora-abortiva\/","og_site_name":"Colorado Springs Pregnancy Center","article_modified_time":"2025-12-03T06:50:51+00:00","twitter_card":"summary_large_image","twitter_misc":{"Tiempo de lectura":"4 minutos"},"schema":{"@context":"https:\/\/schema.org","@graph":[{"@type":"WebPage","@id":"https:\/\/cspregnancycenter.com\/es\/reversion-de-la-pildora-abortiva\/","url":"https:\/\/cspregnancycenter.com\/es\/reversion-de-la-pildora-abortiva\/","name":"Reversi\u00f3n de la p\u00edldora abortiva | Colorado Springs Pregnancy Center | CO","isPartOf":{"@id":"https:\/\/cspregnancycenter.com\/es\/#website"},"datePublished":"2023-04-04T16:28:55+00:00","dateModified":"2025-12-03T06:50:51+00:00","description":"Read about Reversi\u00f3n de la p\u00edldora abortiva. Colorado Springs Pregnancy Center provides free services for pregnant women.","breadcrumb":{"@id":"https:\/\/cspregnancycenter.com\/es\/reversion-de-la-pildora-abortiva\/#breadcrumb"},"inLanguage":"es","potentialAction":[{"@type":"ReadAction","target":["https:\/\/cspregnancycenter.com\/es\/reversion-de-la-pildora-abortiva\/"]}]},{"@type":"BreadcrumbList","@id":"https:\/\/cspregnancycenter.com\/es\/reversion-de-la-pildora-abortiva\/#breadcrumb","itemListElement":[{"@type":"ListItem","position":1,"name":"Home","item":"https:\/\/cspregnancycenter.com\/es\/"},{"@type":"ListItem","position":2,"name":"Reversi\u00f3n de la p\u00edldora abortiva"}]},{"@type":"WebSite","@id":"https:\/\/cspregnancycenter.com\/es\/#website","url":"https:\/\/cspregnancycenter.com\/es\/","name":"Colorado Springs Pregnancy Center","description":"","publisher":{"@id":"https:\/\/cspregnancycenter.com\/es\/#organization"},"potentialAction":[{"@type":"SearchAction","target":{"@type":"EntryPoint","urlTemplate":"https:\/\/cspregnancycenter.com\/es\/?s={search_term_string}"},"query-input":{"@type":"PropertyValueSpecification","valueRequired":true,"valueName":"search_term_string"}}],"inLanguage":"es"},{"@type":"Organization","@id":"https:\/\/cspregnancycenter.com\/es\/#organization","name":"Centro de Embarazo de Colorado Springs","url":"https:\/\/cspregnancycenter.com\/es\/","logo":{"@type":"ImageObject","inLanguage":"es","@id":"https:\/\/cspregnancycenter.com\/es\/#\/schema\/logo\/image\/","url":"https:\/\/cspregnancycenter.com\/wp-content\/uploads\/2022\/04\/logo-1-1.png","contentUrl":"https:\/\/cspregnancycenter.com\/wp-content\/uploads\/2022\/04\/logo-1-1.png","width":434,"height":115,"caption":"Centro de Embarazo de Colorado Springs"},"image":{"@id":"https:\/\/cspregnancycenter.com\/es\/#\/schema\/logo\/image\/"}}]}},"_links":{"self":[{"href":"https:\/\/cspregnancycenter.com\/es\/wp-json\/wp\/v2\/pages\/2398","targetHints":{"allow":["GET"]}}],"collection":[{"href":"https:\/\/cspregnancycenter.com\/es\/wp-json\/wp\/v2\/pages"}],"about":[{"href":"https:\/\/cspregnancycenter.com\/es\/wp-json\/wp\/v2\/types\/page"}],"author":[{"embeddable":true,"href":"https:\/\/cspregnancycenter.com\/es\/wp-json\/wp\/v2\/users\/1"}],"replies":[{"embeddable":true,"href":"https:\/\/cspregnancycenter.com\/es\/wp-json\/wp\/v2\/comments?post=2398"}],"version-history":[{"count":0,"href":"https:\/\/cspregnancycenter.com\/es\/wp-json\/wp\/v2\/pages\/2398\/revisions"}],"wp:attachment":[{"href":"https:\/\/cspregnancycenter.com\/es\/wp-json\/wp\/v2\/media?parent=2398"}],"curies":[{"name":"wp","href":"https:\/\/api.w.org\/{rel}","templated":true}]}}