{"id":2323,"date":"2023-01-30T09:47:45","date_gmt":"2023-01-30T09:47:45","guid":{"rendered":"https:\/\/cspregnancycenter.com\/herramientas-para-la-salud-mental\/"},"modified":"2025-12-03T06:50:51","modified_gmt":"2025-12-03T06:50:51","slug":"herramientas-para-la-salud-mental","status":"publish","type":"page","link":"https:\/\/cspregnancycenter.com\/es\/herramientas-para-la-salud-mental\/","title":{"rendered":"Herramientas para la salud mental"},"content":{"rendered":"\n<figure class=\"wp-block-image\"><img decoding=\"async\" width=\"1024\" height=\"1024\" src=\"https:\/\/cspregnancycenter.com\/wp-content\/uploads\/2023\/01\/Pastel-Doodle-Mental-Health-Quote-Instagram-Post-1024x1024.jpg\" alt=\"\" class=\"wp-image-1758\" srcset=\"https:\/\/cspregnancycenter.com\/wp-content\/uploads\/2023\/01\/Pastel-Doodle-Mental-Health-Quote-Instagram-Post-1024x1024.jpg 1024w, https:\/\/cspregnancycenter.com\/wp-content\/uploads\/2023\/01\/Pastel-Doodle-Mental-Health-Quote-Instagram-Post-300x300.jpg 300w, https:\/\/cspregnancycenter.com\/wp-content\/uploads\/2023\/01\/Pastel-Doodle-Mental-Health-Quote-Instagram-Post-150x150.jpg 150w, https:\/\/cspregnancycenter.com\/wp-content\/uploads\/2023\/01\/Pastel-Doodle-Mental-Health-Quote-Instagram-Post-768x768.jpg 768w, https:\/\/cspregnancycenter.com\/wp-content\/uploads\/2023\/01\/Pastel-Doodle-Mental-Health-Quote-Instagram-Post-120x120.jpg 120w, https:\/\/cspregnancycenter.com\/wp-content\/uploads\/2023\/01\/Pastel-Doodle-Mental-Health-Quote-Instagram-Post.jpg 1485w\" sizes=\"(max-width: 1024px) 100vw, 1024px\" \/><\/figure>\n\n<p>La vida es dura y necesitamos toda la ayuda posible. Consulte nuestro kit de herramientas mentales; una clase de 3 partes para refrescar sus habilidades para la vida y conocer a otros padres  <\/p>\n\n<p>Temas: habilidades de relaci\u00f3n, consejos de comunicaci\u00f3n, gesti\u00f3n de crisis<\/p>\n\n<ul class=\"wp-block-list\"><li>Facilitado por un consejero profesional<\/li><li>Entorno de grupo peque\u00f1o<\/li><li>Galley Center en 3700 Galley Road<\/li><li>Grupos de apoyo para hombres y mujeres<\/li><li>Se requiere confirmaci\u00f3n de asistencia, llame a Shelly al 719-355-1185<\/li><\/ul>\n","protected":false},"excerpt":{"rendered":"<p>La vida es dura y necesitamos toda la ayuda posible. Consulte nuestro kit de herramientas mentales; una clase de 3 partes para refrescar sus habilidades para la vida y conocer a otros padres Temas: habilidades de relaci\u00f3n, consejos de comunicaci\u00f3n, gesti\u00f3n de crisis Facilitado por un consejero profesional Entorno de grupo peque\u00f1o Galley Center en<\/p>\n","protected":false},"author":2,"featured_media":0,"parent":0,"menu_order":0,"comment_status":"closed","ping_status":"closed","template":"","meta":{"_acf_changed":false,"footnotes":""},"class_list":["post-2323","page","type-page","status-publish","hentry"],"acf":[],"yoast_head":"<!-- This site is optimized with the Yoast SEO plugin v27.4 - https:\/\/yoast.com\/product\/yoast-seo-wordpress\/ -->\n<title>Herramientas para la salud mental | Colorado Springs Pregnancy Center | CO<\/title>\n<meta name=\"description\" content=\"Read about Herramientas para la salud mental. Colorado Springs Pregnancy Center provides free services for pregnant women.\" \/>\n<meta name=\"robots\" content=\"index, follow, max-snippet:-1, max-image-preview:large, max-video-preview:-1\" \/>\n<link rel=\"canonical\" href=\"https:\/\/cspregnancycenter.com\/es\/herramientas-para-la-salud-mental\/\" \/>\n<meta property=\"og:locale\" content=\"es_ES\" \/>\n<meta property=\"og:type\" content=\"article\" \/>\n<meta property=\"og:title\" content=\"Herramientas para la salud mental | Colorado Springs Pregnancy Center | CO\" \/>\n<meta property=\"og:description\" content=\"Read about Herramientas para la salud mental. Colorado Springs Pregnancy Center provides free services for pregnant women.\" \/>\n<meta property=\"og:url\" content=\"https:\/\/cspregnancycenter.com\/es\/herramientas-para-la-salud-mental\/\" \/>\n<meta property=\"og:site_name\" content=\"Colorado Springs Pregnancy Center\" \/>\n<meta property=\"article:modified_time\" content=\"2025-12-03T06:50:51+00:00\" \/>\n<meta property=\"og:image\" content=\"https:\/\/cspregnancycenter.com\/wp-content\/uploads\/2023\/01\/Pastel-Doodle-Mental-Health-Quote-Instagram-Post.jpg\" \/>\n\t<meta property=\"og:image:width\" content=\"1485\" \/>\n\t<meta property=\"og:image:height\" content=\"1485\" \/>\n\t<meta property=\"og:image:type\" content=\"image\/jpeg\" \/>\n<meta name=\"twitter:card\" content=\"summary_large_image\" \/>\n<!-- \/ Yoast SEO plugin. -->","yoast_head_json":{"title":"Herramientas para la salud mental | Colorado Springs Pregnancy Center | CO","description":"Read about Herramientas para la salud mental. Colorado Springs Pregnancy Center provides free services for pregnant women.","robots":{"index":"index","follow":"follow","max-snippet":"max-snippet:-1","max-image-preview":"max-image-preview:large","max-video-preview":"max-video-preview:-1"},"canonical":"https:\/\/cspregnancycenter.com\/es\/herramientas-para-la-salud-mental\/","og_locale":"es_ES","og_type":"article","og_title":"Herramientas para la salud mental | Colorado Springs Pregnancy Center | CO","og_description":"Read about Herramientas para la salud mental. Colorado Springs Pregnancy Center provides free services for pregnant women.","og_url":"https:\/\/cspregnancycenter.com\/es\/herramientas-para-la-salud-mental\/","og_site_name":"Colorado Springs Pregnancy Center","article_modified_time":"2025-12-03T06:50:51+00:00","og_image":[{"width":1485,"height":1485,"url":"https:\/\/cspregnancycenter.com\/wp-content\/uploads\/2023\/01\/Pastel-Doodle-Mental-Health-Quote-Instagram-Post.jpg","type":"image\/jpeg"}],"twitter_card":"summary_large_image","schema":{"@context":"https:\/\/schema.org","@graph":[{"@type":"WebPage","@id":"https:\/\/cspregnancycenter.com\/es\/herramientas-para-la-salud-mental\/","url":"https:\/\/cspregnancycenter.com\/es\/herramientas-para-la-salud-mental\/","name":"Herramientas para la salud mental | Colorado Springs Pregnancy Center | CO","isPartOf":{"@id":"https:\/\/cspregnancycenter.com\/es\/#website"},"primaryImageOfPage":{"@id":"https:\/\/cspregnancycenter.com\/es\/herramientas-para-la-salud-mental\/#primaryimage"},"image":{"@id":"https:\/\/cspregnancycenter.com\/es\/herramientas-para-la-salud-mental\/#primaryimage"},"thumbnailUrl":"https:\/\/cspregnancycenter.com\/wp-content\/uploads\/2023\/01\/Pastel-Doodle-Mental-Health-Quote-Instagram-Post-1024x1024.jpg","datePublished":"2023-01-30T09:47:45+00:00","dateModified":"2025-12-03T06:50:51+00:00","description":"Read about Herramientas para la salud mental. Colorado Springs Pregnancy Center provides free services for pregnant women.","breadcrumb":{"@id":"https:\/\/cspregnancycenter.com\/es\/herramientas-para-la-salud-mental\/#breadcrumb"},"inLanguage":"es","potentialAction":[{"@type":"ReadAction","target":["https:\/\/cspregnancycenter.com\/es\/herramientas-para-la-salud-mental\/"]}]},{"@type":"ImageObject","inLanguage":"es","@id":"https:\/\/cspregnancycenter.com\/es\/herramientas-para-la-salud-mental\/#primaryimage","url":"https:\/\/cspregnancycenter.com\/wp-content\/uploads\/2023\/01\/Pastel-Doodle-Mental-Health-Quote-Instagram-Post-1024x1024.jpg","contentUrl":"https:\/\/cspregnancycenter.com\/wp-content\/uploads\/2023\/01\/Pastel-Doodle-Mental-Health-Quote-Instagram-Post-1024x1024.jpg"},{"@type":"BreadcrumbList","@id":"https:\/\/cspregnancycenter.com\/es\/herramientas-para-la-salud-mental\/#breadcrumb","itemListElement":[{"@type":"ListItem","position":1,"name":"Home","item":"https:\/\/cspregnancycenter.com\/es\/"},{"@type":"ListItem","position":2,"name":"Herramientas para la salud mental"}]},{"@type":"WebSite","@id":"https:\/\/cspregnancycenter.com\/es\/#website","url":"https:\/\/cspregnancycenter.com\/es\/","name":"Colorado Springs Pregnancy Center","description":"","publisher":{"@id":"https:\/\/cspregnancycenter.com\/es\/#organization"},"potentialAction":[{"@type":"SearchAction","target":{"@type":"EntryPoint","urlTemplate":"https:\/\/cspregnancycenter.com\/es\/?s={search_term_string}"},"query-input":{"@type":"PropertyValueSpecification","valueRequired":true,"valueName":"search_term_string"}}],"inLanguage":"es"},{"@type":"Organization","@id":"https:\/\/cspregnancycenter.com\/es\/#organization","name":"Centro de Embarazo de Colorado Springs","url":"https:\/\/cspregnancycenter.com\/es\/","logo":{"@type":"ImageObject","inLanguage":"es","@id":"https:\/\/cspregnancycenter.com\/es\/#\/schema\/logo\/image\/","url":"https:\/\/cspregnancycenter.com\/wp-content\/uploads\/2022\/04\/logo-1-1.png","contentUrl":"https:\/\/cspregnancycenter.com\/wp-content\/uploads\/2022\/04\/logo-1-1.png","width":434,"height":115,"caption":"Centro de Embarazo de Colorado Springs"},"image":{"@id":"https:\/\/cspregnancycenter.com\/es\/#\/schema\/logo\/image\/"}}]}},"_links":{"self":[{"href":"https:\/\/cspregnancycenter.com\/es\/wp-json\/wp\/v2\/pages\/2323","targetHints":{"allow":["GET"]}}],"collection":[{"href":"https:\/\/cspregnancycenter.com\/es\/wp-json\/wp\/v2\/pages"}],"about":[{"href":"https:\/\/cspregnancycenter.com\/es\/wp-json\/wp\/v2\/types\/page"}],"author":[{"embeddable":true,"href":"https:\/\/cspregnancycenter.com\/es\/wp-json\/wp\/v2\/users\/2"}],"replies":[{"embeddable":true,"href":"https:\/\/cspregnancycenter.com\/es\/wp-json\/wp\/v2\/comments?post=2323"}],"version-history":[{"count":0,"href":"https:\/\/cspregnancycenter.com\/es\/wp-json\/wp\/v2\/pages\/2323\/revisions"}],"wp:attachment":[{"href":"https:\/\/cspregnancycenter.com\/es\/wp-json\/wp\/v2\/media?parent=2323"}],"curies":[{"name":"wp","href":"https:\/\/api.w.org\/{rel}","templated":true}]}}