{"id":2307,"date":"2025-10-31T01:48:44","date_gmt":"2025-10-31T01:48:44","guid":{"rendered":"https:\/\/cspregnancycenter.com\/atencion-en-las-primeras-etapas-del-embarazo\/"},"modified":"2025-12-03T06:50:49","modified_gmt":"2025-12-03T06:50:49","slug":"atencion-en-las-primeras-etapas-del-embarazo","status":"publish","type":"page","link":"https:\/\/cspregnancycenter.com\/es\/atencion-en-las-primeras-etapas-del-embarazo\/","title":{"rendered":"Atenci\u00f3n en las primeras etapas del embarazo"},"content":{"rendered":"<p>El equipo m\u00e9dico del Centro de Embarazo de Colorado Springs ofrece los siguientes servicios de atenci\u00f3n en las primeras etapas del embarazo en nuestras ubicaciones de Galley y Eastside:<\/p>\n<h4>Confirmaci\u00f3n del embarazo<\/h4>\n<ul>\n<li>Prueba de embarazo y ecograf\u00eda obst\u00e9trica limitada<\/li>\n<\/ul>\n<h4>Establecimiento de la edad gestacional<\/h4>\n<ul>\n<li>Seg\u00fan la fecha de la \u00faltima menstruaci\u00f3n (FUM) y\/o las mediciones ecogr\u00e1ficas<\/li>\n<\/ul>\n<h4>Revisi\u00f3n del historial m\u00e9dico<\/h4>\n<ul>\n<li>Afecciones cr\u00f3nicas, embarazos anteriores, medicamentos, antecedentes familiares\/gen\u00e9ticos<\/li>\n<li>Evaluaci\u00f3n de la salud conductual<\/li>\n<li>Evaluaci\u00f3n del trastorno por uso de sustancias<\/li>\n<\/ul>\n<h4>Examen f\u00edsico inicial de bienestar femenino<\/h4>\n<ul>\n<li>Signos vitales (presi\u00f3n arterial, temperatura, pulso), peso, examen p\u00e9lvico, posiblemente citolog\u00eda vaginal<\/li>\n<li>Doppler fetal seg\u00fan corresponda<\/li>\n<\/ul>\n<h4>An\u00e1lisis y pruebas de detecci\u00f3n<\/h4>\n<ul>\n<li>An\u00e1lisis de sangre (incluidas ITS, tipificaci\u00f3n sangu\u00ednea y factor Rh, hemograma completo)<\/li>\n<\/ul>\n<h4>Tratamiento m\u00e9dico para las infecciones o la anemia identificadas con citas de seguimiento para evaluar la eficacia del tratamiento<\/h4>\n<h4>Debate sobre los pr\u00f3ximos pasos<\/h4>\n<ul>\n<li>Vitaminas prenatales, orientaci\u00f3n nutricional, educaci\u00f3n y recomendaciones sobre el estilo de vida, educaci\u00f3n sobre las precauciones de emergencia para las complicaciones del embarazo, orientaci\u00f3n anticipada para la atenci\u00f3n prenatal continua, derivaci\u00f3n a la atenci\u00f3n prenatal continua.<\/li>\n<\/ul>\n<p>Para obtener m\u00e1s informaci\u00f3n o para consultar sobre la programaci\u00f3n de una cita de atenci\u00f3n en las primeras etapas del embarazo seg\u00fan disponibilidad, ll\u00e1menos al 719-602-8698.<\/p>\n","protected":false},"excerpt":{"rendered":"<p>El equipo m\u00e9dico del Centro de Embarazo de Colorado Springs ofrece los siguientes servicios de atenci\u00f3n en las primeras etapas del embarazo en nuestras ubicaciones de Galley y Eastside: Confirmaci\u00f3n del embarazo Prueba de embarazo y ecograf\u00eda obst\u00e9trica limitada Establecimiento de la edad gestacional Seg\u00fan la fecha de la \u00faltima menstruaci\u00f3n (FUM) y\/o las mediciones<\/p>\n","protected":false},"author":1,"featured_media":0,"parent":0,"menu_order":0,"comment_status":"closed","ping_status":"closed","template":"","meta":{"_acf_changed":false,"footnotes":""},"class_list":["post-2307","page","type-page","status-publish","hentry"],"acf":[],"yoast_head":"<!-- This site is optimized with the Yoast SEO plugin v27.4 - https:\/\/yoast.com\/product\/yoast-seo-wordpress\/ -->\n<title>Atenci\u00f3n en las primeras etapas del embarazo | Colorado Springs Pregnancy Center | CO<\/title>\n<meta name=\"description\" content=\"Read about Atenci\u00f3n en las primeras etapas del embarazo. Colorado Springs Pregnancy Center provides free services for pregnant women.\" \/>\n<meta name=\"robots\" content=\"index, follow, max-snippet:-1, max-image-preview:large, max-video-preview:-1\" \/>\n<link rel=\"canonical\" href=\"https:\/\/cspregnancycenter.com\/es\/atencion-en-las-primeras-etapas-del-embarazo\/\" \/>\n<meta property=\"og:locale\" content=\"es_ES\" \/>\n<meta property=\"og:type\" content=\"article\" \/>\n<meta property=\"og:title\" content=\"Atenci\u00f3n en las primeras etapas del embarazo | Colorado Springs Pregnancy Center | CO\" \/>\n<meta property=\"og:description\" content=\"Read about Atenci\u00f3n en las primeras etapas del embarazo. Colorado Springs Pregnancy Center provides free services for pregnant women.\" \/>\n<meta property=\"og:url\" content=\"https:\/\/cspregnancycenter.com\/es\/atencion-en-las-primeras-etapas-del-embarazo\/\" \/>\n<meta property=\"og:site_name\" content=\"Colorado Springs Pregnancy Center\" \/>\n<meta property=\"article:modified_time\" content=\"2025-12-03T06:50:49+00:00\" \/>\n<meta name=\"twitter:card\" content=\"summary_large_image\" \/>\n<meta name=\"twitter:label1\" content=\"Tiempo de lectura\" \/>\n\t<meta name=\"twitter:data1\" content=\"1 minuto\" \/>\n<!-- \/ Yoast SEO plugin. -->","yoast_head_json":{"title":"Atenci\u00f3n en las primeras etapas del embarazo | Colorado Springs Pregnancy Center | CO","description":"Read about Atenci\u00f3n en las primeras etapas del embarazo. Colorado Springs Pregnancy Center provides free services for pregnant women.","robots":{"index":"index","follow":"follow","max-snippet":"max-snippet:-1","max-image-preview":"max-image-preview:large","max-video-preview":"max-video-preview:-1"},"canonical":"https:\/\/cspregnancycenter.com\/es\/atencion-en-las-primeras-etapas-del-embarazo\/","og_locale":"es_ES","og_type":"article","og_title":"Atenci\u00f3n en las primeras etapas del embarazo | Colorado Springs Pregnancy Center | CO","og_description":"Read about Atenci\u00f3n en las primeras etapas del embarazo. Colorado Springs Pregnancy Center provides free services for pregnant women.","og_url":"https:\/\/cspregnancycenter.com\/es\/atencion-en-las-primeras-etapas-del-embarazo\/","og_site_name":"Colorado Springs Pregnancy Center","article_modified_time":"2025-12-03T06:50:49+00:00","twitter_card":"summary_large_image","twitter_misc":{"Tiempo de lectura":"1 minuto"},"schema":{"@context":"https:\/\/schema.org","@graph":[{"@type":"WebPage","@id":"https:\/\/cspregnancycenter.com\/es\/atencion-en-las-primeras-etapas-del-embarazo\/","url":"https:\/\/cspregnancycenter.com\/es\/atencion-en-las-primeras-etapas-del-embarazo\/","name":"Atenci\u00f3n en las primeras etapas del embarazo | Colorado Springs Pregnancy Center | CO","isPartOf":{"@id":"https:\/\/cspregnancycenter.com\/es\/#website"},"datePublished":"2025-10-31T01:48:44+00:00","dateModified":"2025-12-03T06:50:49+00:00","description":"Read about Atenci\u00f3n en las primeras etapas del embarazo. Colorado Springs Pregnancy Center provides free services for pregnant women.","breadcrumb":{"@id":"https:\/\/cspregnancycenter.com\/es\/atencion-en-las-primeras-etapas-del-embarazo\/#breadcrumb"},"inLanguage":"es","potentialAction":[{"@type":"ReadAction","target":["https:\/\/cspregnancycenter.com\/es\/atencion-en-las-primeras-etapas-del-embarazo\/"]}]},{"@type":"BreadcrumbList","@id":"https:\/\/cspregnancycenter.com\/es\/atencion-en-las-primeras-etapas-del-embarazo\/#breadcrumb","itemListElement":[{"@type":"ListItem","position":1,"name":"Home","item":"https:\/\/cspregnancycenter.com\/es\/"},{"@type":"ListItem","position":2,"name":"Atenci\u00f3n en las primeras etapas del embarazo"}]},{"@type":"WebSite","@id":"https:\/\/cspregnancycenter.com\/es\/#website","url":"https:\/\/cspregnancycenter.com\/es\/","name":"Colorado Springs Pregnancy Center","description":"","publisher":{"@id":"https:\/\/cspregnancycenter.com\/es\/#organization"},"potentialAction":[{"@type":"SearchAction","target":{"@type":"EntryPoint","urlTemplate":"https:\/\/cspregnancycenter.com\/es\/?s={search_term_string}"},"query-input":{"@type":"PropertyValueSpecification","valueRequired":true,"valueName":"search_term_string"}}],"inLanguage":"es"},{"@type":"Organization","@id":"https:\/\/cspregnancycenter.com\/es\/#organization","name":"Centro de Embarazo de Colorado Springs","url":"https:\/\/cspregnancycenter.com\/es\/","logo":{"@type":"ImageObject","inLanguage":"es","@id":"https:\/\/cspregnancycenter.com\/es\/#\/schema\/logo\/image\/","url":"https:\/\/cspregnancycenter.com\/wp-content\/uploads\/2022\/04\/logo-1-1.png","contentUrl":"https:\/\/cspregnancycenter.com\/wp-content\/uploads\/2022\/04\/logo-1-1.png","width":434,"height":115,"caption":"Centro de Embarazo de Colorado Springs"},"image":{"@id":"https:\/\/cspregnancycenter.com\/es\/#\/schema\/logo\/image\/"}}]}},"_links":{"self":[{"href":"https:\/\/cspregnancycenter.com\/es\/wp-json\/wp\/v2\/pages\/2307","targetHints":{"allow":["GET"]}}],"collection":[{"href":"https:\/\/cspregnancycenter.com\/es\/wp-json\/wp\/v2\/pages"}],"about":[{"href":"https:\/\/cspregnancycenter.com\/es\/wp-json\/wp\/v2\/types\/page"}],"author":[{"embeddable":true,"href":"https:\/\/cspregnancycenter.com\/es\/wp-json\/wp\/v2\/users\/1"}],"replies":[{"embeddable":true,"href":"https:\/\/cspregnancycenter.com\/es\/wp-json\/wp\/v2\/comments?post=2307"}],"version-history":[{"count":0,"href":"https:\/\/cspregnancycenter.com\/es\/wp-json\/wp\/v2\/pages\/2307\/revisions"}],"wp:attachment":[{"href":"https:\/\/cspregnancycenter.com\/es\/wp-json\/wp\/v2\/media?parent=2307"}],"curies":[{"name":"wp","href":"https:\/\/api.w.org\/{rel}","templated":true}]}}